{"id":11985,"date":"2023-09-27T08:04:38","date_gmt":"2023-09-27T08:04:38","guid":{"rendered":"https:\/\/dtifoundation.com\/form-terms-and-conditions\/"},"modified":"2023-09-27T08:13:01","modified_gmt":"2023-09-27T08:13:01","slug":"form-terms-and-conditions","status":"publish","type":"page","link":"https:\/\/dtifoundation.com\/ca\/form-terms-and-conditions\/","title":{"rendered":"Formulari: termes i condicions"},"content":{"rendered":"<p>Aquests termes i condicions (l'&#8221;Acord&#8221;) regeixen l&#8217;\u00fas que feu del formulari en l\u00ednia proporcionat per la Fundaci\u00f3 DTI (&#8220;Fundaci\u00f3 DTI&#8221;, &#8220;nosaltres&#8221;, &#8220;nostre&#8221; o &#8220;ens&#8221;). En accedir i utilitzar el formulari en l\u00ednia, vost\u00e8 (&#8220;Usuari&#8221;, &#8220;vost\u00e8&#8221; o &#8220;el vostre&#8221;) accepta complir i estar subjecte a aquests termes. Si no esteu d&#8217;acord amb aquests termes, no utilitzeu el formulari en l\u00ednia.<\/p>\n<p>1. Informaci\u00f3 de l&#8217;usuari:<br \/>\nVost\u00e8 accepta proporcionar informaci\u00f3 precisa, actual i completa al formulari en l\u00ednia. La Fundaci\u00f3 DTI es reserva el dret de verificar la informaci\u00f3 proporcionada i de rebutjar o cancel\u00b7lar el vostre acc\u00e9s al formulari en l\u00ednia si es determina que alguna informaci\u00f3 \u00e9s inexacta, enganyosa o incompleta.<br \/>\n2. Privadesa de dades:<br \/>\nLa Fundaci\u00f3 DTI es compromet a protegir la vostra informaci\u00f3 personal. En utilitzar el formulari en l\u00ednia, vost\u00e8 reconeix i accepta la recopilaci\u00f3, \u00fas i divulgaci\u00f3 de la seva informaci\u00f3 personal com es descriu a la Pol\u00edtica de Privadesa de la Fundaci\u00f3 DTI.<br \/>\n3. \u00das del formulari en l\u00ednia:<br \/>\nEl formulari en l\u00ednia proporcionat per la Fundaci\u00f3 DTI est\u00e0 destinat \u00fanicament al prop\u00f2sit indicat al formulari. Vost\u00e8 accepta no utilitzar el formulari per a fins il\u00b7legals, perjudicials, fraudulents o no autoritzats. Tamb\u00e9 accepta no interferir amb el funcionament correcte del formulari ni interrompre&#8217;n el funcionament.<br \/>\n4. Propietat Intel\u00b7lectual:<br \/>\nEl contingut i els materials proporcionats al formulari en l\u00ednia, inclosos, entre d&#8217;altres, text, gr\u00e0fics, logotips i programari, s\u00f3n propietat intel\u00b7lectual de DTI Foundation i els seus llicenciants. No podeu reproduir, distribuir, modificar, mostrar ni crear treballs derivats basats en cap contingut del formulari en l\u00ednia sense el consentiment previ per escrit de DTI Foundation.<br \/>\n5. Ren\u00fancia de Garanties:<br \/>\nEl formulari en l\u00ednia es proporciona &#8220;tal qual&#8221; i &#8220;segons disponibilitat&#8221; sense cap garantia, expressa o impl\u00edcita. La Fundaci\u00f3 DTI renuncia a totes les garanties, incloses, entre d&#8217;altres, les de comerciabilitat, idone\u00eftat per a un prop\u00f2sit particular i no infracci\u00f3.<br \/>\n6. Limitaci\u00f3 de Responsabilitat:<br \/>\nLa Fundaci\u00f3 DTI no ser\u00e0 responsable de cap dany directe, indirecte, incidental, conseq\u00fcent o especial que sorgeixi o estigui relacionat amb el seu \u00fas del formulari en l\u00ednia. Accepteu que el vostre \u00fanic recurs en cas d&#8217;insatisfacci\u00f3 amb el formulari en l\u00ednia \u00e9s deixar d&#8217;usar-lo.<br \/>\n7. Modificacions i Terminaci\u00f3:<br \/>\nFundaci\u00f3 DTI es reserva el dret de modificar, suspendre o cancel\u00b7lar el formulari en l\u00ednia en qualsevol moment sense av\u00eds previ. Tamb\u00e9 podem actualitzar aquests termes i condicions de tant en tant, i el seu \u00fas continuat del formulari en l\u00ednia despr\u00e9s dels canvis esmentats constitueix la seva acceptaci\u00f3 dels termes modificats.<br \/>\n8. Llei aplicable:<br \/>\nAquest Acord es regir\u00e0 i interpretar\u00e0 dacord amb les lleis de la jurisdicci\u00f3 on est\u00e0 registrada la Fundaci\u00f3 DTI, sense tenir en compte els seus principis de conflicte de lleis.<br \/>\n9. Acord complet:<br \/>\nAquest Acord constitueix l&#8217;acord complet entre vosaltres i la Fundaci\u00f3 DTI pel que fa al formulari en l\u00ednia i reempla\u00e7a tots els acords, enteses o representacions anteriors.<br \/>\n10. Informaci\u00f3 de contacte:<br \/>\nSi teniu preguntes o inquietuds sobre aquests termes i condicions o el formulari en l\u00ednia, contacteu-nos a <a style=\"color: #b53125;\" href=\"mailto:infodti@dtifoundation.com\">infodti@dtifoundation.com<\/a> o +34 93 402 08 96.<\/p>\n<p>En utilitzar el formulari en l\u00ednia de la Fundaci\u00f3 DTI, vost\u00e8 reconeix que ha llegit, compr\u00e8s i acceptat regir-se per aquests termes i condicions.<\/p>\n","protected":false},"excerpt":{"rendered":"<p>Aquests termes i condicions (l&#8217;&#8221;Acord&#8221;) regeixen l&#8217;\u00fas que feu del formulari en l\u00ednia proporcionat per la Fundaci\u00f3 DTI (&#8220;Fundaci\u00f3 DTI&#8221;, [&hellip;]<\/p>\n","protected":false},"author":2,"featured_media":0,"parent":0,"menu_order":0,"comment_status":"closed","ping_status":"closed","template":"","meta":{"_acf_changed":false,"footnotes":""},"class_list":["post-11985","page","type-page","status-publish","hentry"],"acf":[],"yoast_head":"<!-- This site is optimized with the Yoast SEO plugin v26.9 - https:\/\/yoast.com\/product\/yoast-seo-wordpress\/ -->\n<title>Formulari: termes i condicions | DTI Foundation | Donation &amp; Transplantation Institute<\/title>\n<meta name=\"description\" content=\"Descobreix tota la informaci\u00f3 sobre Formulari: termes i condicions a la nostra web. A DTI oferim suport a projectes internacionals orientats a augmentar la donaci\u00f3 d&#039;\u00f2rgans i els trasplantaments arreu del m\u00f3n.\" \/>\n<meta name=\"robots\" content=\"index, follow, max-snippet:-1, max-image-preview:large, max-video-preview:-1\" \/>\n<link rel=\"canonical\" href=\"https:\/\/dtifoundation.com\/ca\/form-terms-and-conditions\/\" \/>\n<meta property=\"og:locale\" content=\"ca_ES\" \/>\n<meta property=\"og:type\" content=\"article\" \/>\n<meta property=\"og:title\" content=\"Formulari: termes i condicions | DTI Foundation | Donation &amp; Transplantation Institute\" \/>\n<meta property=\"og:description\" content=\"Descobreix tota la informaci\u00f3 sobre Formulari: termes i condicions a la nostra web. A DTI oferim suport a projectes internacionals orientats a augmentar la donaci\u00f3 d&#039;\u00f2rgans i els trasplantaments arreu del m\u00f3n.\" \/>\n<meta property=\"og:url\" content=\"https:\/\/dtifoundation.com\/ca\/form-terms-and-conditions\/\" \/>\n<meta property=\"og:site_name\" content=\"DTI Foundation | Donation &amp; Transplantation Institute\" \/>\n<meta property=\"article:modified_time\" content=\"2023-09-27T08:13:01+00:00\" \/>\n<meta name=\"twitter:card\" content=\"summary_large_image\" \/>\n<meta name=\"twitter:label1\" content=\"Temps estimat de lectura\" \/>\n\t<meta name=\"twitter:data1\" content=\"3 minuts\" \/>\n<script type=\"application\/ld+json\" class=\"yoast-schema-graph\">{\"@context\":\"https:\/\/schema.org\",\"@graph\":[{\"@type\":[\"WebPage\",\"MedicalWebPage\"],\"@id\":\"https:\/\/dtifoundation.com\/ca\/form-terms-and-conditions\/\",\"url\":\"https:\/\/dtifoundation.com\/ca\/form-terms-and-conditions\/\",\"name\":\"Formulari: termes i condicions | DTI Foundation | Donation &amp; Transplantation Institute\",\"isPartOf\":{\"@id\":\"https:\/\/dtifoundation.com\/#website\"},\"datePublished\":\"2023-09-27T08:04:38+00:00\",\"dateModified\":\"2023-09-27T08:13:01+00:00\",\"description\":\"Descobreix tota la informaci\u00f3 sobre Formulari: termes i condicions a la nostra web. A DTI oferim suport a projectes internacionals orientats a augmentar la donaci\u00f3 d'\u00f2rgans i els trasplantaments arreu del m\u00f3n.\",\"breadcrumb\":{\"@id\":\"https:\/\/dtifoundation.com\/ca\/form-terms-and-conditions\/#breadcrumb\"},\"inLanguage\":\"ca\",\"potentialAction\":[{\"@type\":\"ReadAction\",\"target\":[\"https:\/\/dtifoundation.com\/ca\/form-terms-and-conditions\/\"]}]},{\"@type\":\"BreadcrumbList\",\"@id\":\"https:\/\/dtifoundation.com\/ca\/form-terms-and-conditions\/#breadcrumb\",\"itemListElement\":[{\"@type\":\"ListItem\",\"position\":1,\"name\":\"Home\",\"item\":\"https:\/\/dtifoundation.com\/ca\/\"},{\"@type\":\"ListItem\",\"position\":2,\"name\":\"Formulari: termes i condicions\"}]},{\"@type\":\"WebSite\",\"@id\":\"https:\/\/dtifoundation.com\/#website\",\"url\":\"https:\/\/dtifoundation.com\/\",\"name\":\"TPM - DTI Foundation\",\"description\":\"\",\"potentialAction\":[{\"@type\":\"SearchAction\",\"target\":{\"@type\":\"EntryPoint\",\"urlTemplate\":\"https:\/\/dtifoundation.com\/?s={search_term_string}\"},\"query-input\":{\"@type\":\"PropertyValueSpecification\",\"valueRequired\":true,\"valueName\":\"search_term_string\"}}],\"inLanguage\":\"ca\"}]}<\/script>\n<!-- \/ Yoast SEO plugin. -->","yoast_head_json":{"title":"Formulari: termes i condicions | DTI Foundation | Donation &amp; Transplantation Institute","description":"Descobreix tota la informaci\u00f3 sobre Formulari: termes i condicions a la nostra web. A DTI oferim suport a projectes internacionals orientats a augmentar la donaci\u00f3 d'\u00f2rgans i els trasplantaments arreu del m\u00f3n.","robots":{"index":"index","follow":"follow","max-snippet":"max-snippet:-1","max-image-preview":"max-image-preview:large","max-video-preview":"max-video-preview:-1"},"canonical":"https:\/\/dtifoundation.com\/ca\/form-terms-and-conditions\/","og_locale":"ca_ES","og_type":"article","og_title":"Formulari: termes i condicions | DTI Foundation | Donation &amp; Transplantation Institute","og_description":"Descobreix tota la informaci\u00f3 sobre Formulari: termes i condicions a la nostra web. A DTI oferim suport a projectes internacionals orientats a augmentar la donaci\u00f3 d'\u00f2rgans i els trasplantaments arreu del m\u00f3n.","og_url":"https:\/\/dtifoundation.com\/ca\/form-terms-and-conditions\/","og_site_name":"DTI Foundation | Donation &amp; Transplantation Institute","article_modified_time":"2023-09-27T08:13:01+00:00","twitter_card":"summary_large_image","twitter_misc":{"Temps estimat de lectura":"3 minuts"},"schema":{"@context":"https:\/\/schema.org","@graph":[{"@type":["WebPage","MedicalWebPage"],"@id":"https:\/\/dtifoundation.com\/ca\/form-terms-and-conditions\/","url":"https:\/\/dtifoundation.com\/ca\/form-terms-and-conditions\/","name":"Formulari: termes i condicions | DTI Foundation | Donation &amp; Transplantation Institute","isPartOf":{"@id":"https:\/\/dtifoundation.com\/#website"},"datePublished":"2023-09-27T08:04:38+00:00","dateModified":"2023-09-27T08:13:01+00:00","description":"Descobreix tota la informaci\u00f3 sobre Formulari: termes i condicions a la nostra web. A DTI oferim suport a projectes internacionals orientats a augmentar la donaci\u00f3 d'\u00f2rgans i els trasplantaments arreu del m\u00f3n.","breadcrumb":{"@id":"https:\/\/dtifoundation.com\/ca\/form-terms-and-conditions\/#breadcrumb"},"inLanguage":"ca","potentialAction":[{"@type":"ReadAction","target":["https:\/\/dtifoundation.com\/ca\/form-terms-and-conditions\/"]}]},{"@type":"BreadcrumbList","@id":"https:\/\/dtifoundation.com\/ca\/form-terms-and-conditions\/#breadcrumb","itemListElement":[{"@type":"ListItem","position":1,"name":"Home","item":"https:\/\/dtifoundation.com\/ca\/"},{"@type":"ListItem","position":2,"name":"Formulari: termes i condicions"}]},{"@type":"WebSite","@id":"https:\/\/dtifoundation.com\/#website","url":"https:\/\/dtifoundation.com\/","name":"TPM - DTI Foundation","description":"","potentialAction":[{"@type":"SearchAction","target":{"@type":"EntryPoint","urlTemplate":"https:\/\/dtifoundation.com\/?s={search_term_string}"},"query-input":{"@type":"PropertyValueSpecification","valueRequired":true,"valueName":"search_term_string"}}],"inLanguage":"ca"}]}},"_links":{"self":[{"href":"https:\/\/dtifoundation.com\/ca\/wp-json\/wp\/v2\/pages\/11985","targetHints":{"allow":["GET"]}}],"collection":[{"href":"https:\/\/dtifoundation.com\/ca\/wp-json\/wp\/v2\/pages"}],"about":[{"href":"https:\/\/dtifoundation.com\/ca\/wp-json\/wp\/v2\/types\/page"}],"author":[{"embeddable":true,"href":"https:\/\/dtifoundation.com\/ca\/wp-json\/wp\/v2\/users\/2"}],"replies":[{"embeddable":true,"href":"https:\/\/dtifoundation.com\/ca\/wp-json\/wp\/v2\/comments?post=11985"}],"version-history":[{"count":0,"href":"https:\/\/dtifoundation.com\/ca\/wp-json\/wp\/v2\/pages\/11985\/revisions"}],"wp:attachment":[{"href":"https:\/\/dtifoundation.com\/ca\/wp-json\/wp\/v2\/media?parent=11985"}],"curies":[{"name":"wp","href":"https:\/\/api.w.org\/{rel}","templated":true}]}}