{"id":10759,"date":"2023-05-16T15:12:07","date_gmt":"2023-05-16T15:12:07","guid":{"rendered":"https:\/\/dti.developallin.com\/control-de-qualitat-i-auditoria\/"},"modified":"2026-04-15T07:55:06","modified_gmt":"2026-04-15T07:55:06","slug":"control-de-qualitat-i-auditoria","status":"publish","type":"page","link":"https:\/\/dtifoundation.com\/ca\/cooperacio-internacional\/control-de-qualitat-i-auditoria\/","title":{"rendered":"Control de qualitat i auditoria"},"content":{"rendered":"<div class=\"wpb-content-wrapper\"><p>[vc_row row_height_percent=&#8221;0&#8243; override_padding=&#8221;yes&#8221; h_padding=&#8221;2&#8243; top_padding=&#8221;3&#8243; bottom_padding=&#8221;2&#8243; overlay_alpha=&#8221;50&#8243; gutter_size=&#8221;3&#8243; column_width_percent=&#8221;100&#8243; shift_y=&#8221;0&#8243; z_index=&#8221;0&#8243; uncode_shortcode_id=&#8221;212576&#8243;][vc_column width=&#8221;1\/2&#8243;][vc_custom_heading text_color=&#8221;color-dark-tpm-dti&#8221; uncode_shortcode_id=&#8221;156242&#8243; text_color_type=&#8221;uncode-palette&#8221; el_class=&#8221;heading-custom-text&#8221;]Control de qualitat i auditoria[\/vc_custom_heading][vc_column_text uncode_shortcode_id=&#8221;760567&#8243;]<\/p>\n<p style=\"text-align: justify;\">A DTI, oferim l&#8217;oportunitat a hospitals de tot el m\u00f3n de rebre auditories i controls de qualitat. Aix\u00f2 es fa per desenvolupar plans de millora a mida mitjan\u00e7ant mesures correctores per tal de millorar la qualitat general de l&#8217; assist\u00e8ncia que es presta en aquests hospitals.<\/p>\n<p style=\"text-align: justify;\">El Projecte de Sistema Europeu de Qualitat per a la Donaci\u00f3 d&#8217;\u00d2rgans (ODEQUS) \u00e9s un sistema que compr\u00e8n criteris de qualitat de bones pr\u00e0ctiques i indicadors de qualitat per a la donaci\u00f3 despr\u00e9s de mort encef\u00e0lica, la donaci\u00f3 despr\u00e9s de mort cardiocirculat\u00f2ria i la donaci\u00f3 en vida. ODEQUS es basa en els principis de bones pr\u00e0ctiques, garantint la qualitat i seguretat dels \u00f2rgans i serveis que es presten i mantenen.<\/p>\n<p>[\/vc_column_text][\/vc_column][vc_column width=&#8221;1\/2&#8243;][vc_single_image media=&#8221;4882&#8243; media_width_percent=&#8221;100&#8243; uncode_shortcode_id=&#8221;168851&#8243;][\/vc_column][\/vc_row][vc_row row_height_percent=&#8221;0&#8243; override_padding=&#8221;yes&#8221; h_padding=&#8221;2&#8243; top_padding=&#8221;0&#8243; bottom_padding=&#8221;2&#8243; overlay_alpha=&#8221;50&#8243; gutter_size=&#8221;3&#8243; column_width_percent=&#8221;100&#8243; shift_y=&#8221;0&#8243; z_index=&#8221;0&#8243; uncode_shortcode_id=&#8221;797675&#8243;][vc_column width=&#8221;5\/6&#8243;][vc_column_text uncode_shortcode_id=&#8221;177757&#8243;]<\/p>\n<p style=\"text-align: justify;\">ODEQUS proporciona les eines per realitzar auditories internes i avaluacions, que posteriorment s\u00f3n analitzades per experts internacionals que proporcionen un pla de qualitat amb mesures correctores per a la millora del sistema.<\/p>\n<p style=\"text-align: justify;\">L&#8217; aplicaci\u00f3 d&#8217; ODEQUS funciona de forma c\u00edclica i serveix per augmentar en gran mesura la qualitat i la seguretat del proc\u00e9s de trasplantament d&#8217; \u00f2rgans all\u00e0 on s&#8217; utilitza. Quan s&#8217;utilitza en hospitals, ODEQUS proporciona una avaluaci\u00f3 inicial, un pla dissenyat per garantir la millora, l&#8217;aplicaci\u00f3 del pla i una avaluaci\u00f3 final.<\/p>\n<p>[\/vc_column_text][\/vc_column][vc_column width=&#8221;1\/6&#8243;][vc_single_image media=&#8221;4911&#8243; media_width_percent=&#8221;100&#8243; uncode_shortcode_id=&#8221;102361&#8243;][\/vc_column][\/vc_row][vc_row row_height_percent=&#8221;0&#8243; override_padding=&#8221;yes&#8221; h_padding=&#8221;2&#8243; top_padding=&#8221;2&#8243; bottom_padding=&#8221;2&#8243; overlay_alpha=&#8221;50&#8243; gutter_size=&#8221;3&#8243; column_width_percent=&#8221;100&#8243; shift_y=&#8221;0&#8243; z_index=&#8221;0&#8243; uncode_shortcode_id=&#8221;206115&#8243;][vc_column width=&#8221;1\/2&#8243;][vc_single_image media=&#8221;4898&#8243; media_width_percent=&#8221;100&#8243; uncode_shortcode_id=&#8221;155152&#8243;][\/vc_column][vc_column width=&#8221;1\/2&#8243;][vc_custom_heading text_color=&#8221;color-dark-tpm-dti&#8221; uncode_shortcode_id=&#8221;143229&#8243; text_color_type=&#8221;uncode-palette&#8221; el_class=&#8221;heading-custom-text&#8221;]<strong>Avaluaci\u00f3 inicial<\/strong>[\/vc_custom_heading][vc_column_text uncode_shortcode_id=&#8221;186015&#8243;]<\/p>\n<p style=\"text-align: justify;\">Una avaluaci\u00f3 inicial amb ODEQUS proporciona un diagn\u00f2stic general de la situaci\u00f3 actual. Es realitza un estudi retrospectiu de l&#8217; activitat de donaci\u00f3 de morts i vius del centre en els darrers 12 mesos per definir un pla especialitzat de millora propi del centre. Aquest estudi utilitza els indicadors seleccionats en el sistema per recopilar dades i analitzar posteriorment els resultats obtinguts.<\/p>\n<p>[\/vc_column_text][\/vc_column][\/vc_row][vc_row row_height_percent=&#8221;0&#8243; override_padding=&#8221;yes&#8221; h_padding=&#8221;2&#8243; top_padding=&#8221;2&#8243; bottom_padding=&#8221;2&#8243; overlay_alpha=&#8221;50&#8243; gutter_size=&#8221;3&#8243; column_width_percent=&#8221;100&#8243; shift_y=&#8221;0&#8243; z_index=&#8221;0&#8243; uncode_shortcode_id=&#8221;206115&#8243;][vc_column width=&#8221;1\/2&#8243;][vc_custom_heading text_color=&#8221;color-dark-tpm-dti&#8221; uncode_shortcode_id=&#8221;100190&#8243; text_color_type=&#8221;uncode-palette&#8221; el_class=&#8221;heading-custom-text&#8221;]<strong>Pla de millora<\/strong>[\/vc_custom_heading][vc_column_text uncode_shortcode_id=&#8221;447096&#8243;]<\/p>\n<p style=\"text-align: justify;\">Despr\u00e9s de l&#8217; avaluaci\u00f3 inicial proporcionada per ODEQUS, es desenvolupa un pla de millora per formar grups de treball especialitzats que apliquin mesures correctores en concordan\u00e7a amb els resultats per, en \u00faltima inst\u00e0ncia, millorar el sistema.<\/p>\n<p>[\/vc_column_text][vc_custom_heading text_color=&#8221;color-dark-tpm-dti&#8221; uncode_shortcode_id=&#8221;168423&#8243; text_color_type=&#8221;uncode-palette&#8221; el_class=&#8221;heading-custom-text&#8221;]<strong>Aplicaci\u00f3 del pla de millora<\/strong>[\/vc_custom_heading][vc_column_text uncode_shortcode_id=&#8221;391482&#8243;]<\/p>\n<p style=\"text-align: justify;\">Un cop dissenyat el pla de millora, l&#8217;equip local el posar\u00e0 en pr\u00e0ctica. L&#8217; aplicaci\u00f3 ser\u00e0 supervisada per experts durant els 12 primers mesos d&#8217; execuci\u00f3. Per garantir la qualitat de l&#8217; execuci\u00f3 tenint en compte la situaci\u00f3 i les caracter\u00edstiques locals, s&#8217; aplicaran mesures correctores per a activitats espec\u00edfiques.<\/p>\n<p>[\/vc_column_text][\/vc_column][vc_column width=&#8221;1\/2&#8243;][vc_single_image media=&#8221;4904&#8243; media_width_percent=&#8221;100&#8243; uncode_shortcode_id=&#8221;190390&#8243;][\/vc_column][\/vc_row][vc_row row_height_percent=&#8221;0&#8243; override_padding=&#8221;yes&#8221; h_padding=&#8221;2&#8243; top_padding=&#8221;2&#8243; bottom_padding=&#8221;3&#8243; overlay_alpha=&#8221;50&#8243; gutter_size=&#8221;3&#8243; column_width_percent=&#8221;100&#8243; shift_y=&#8221;0&#8243; z_index=&#8221;0&#8243; uncode_shortcode_id=&#8221;159820&#8243;][vc_column width=&#8221;1\/2&#8243;][vc_single_image media=&#8221;4907&#8243; media_width_percent=&#8221;100&#8243; uncode_shortcode_id=&#8221;101740&#8243;][\/vc_column][vc_column width=&#8221;1\/2&#8243;][vc_custom_heading text_color=&#8221;color-dark-tpm-dti&#8221; uncode_shortcode_id=&#8221;162855&#8243; text_color_type=&#8221;uncode-palette&#8221; el_class=&#8221;heading-custom-text&#8221;]<strong>Avaluaci\u00f3 final<\/strong>[\/vc_custom_heading][vc_column_text uncode_shortcode_id=&#8221;100101&#8243;]<\/p>\n<p style=\"text-align: justify;\">Despr\u00e9s de l&#8217; aplicaci\u00f3 del pla de millora i les mesures correctores, es realitza un estudi per avaluar els resultats obtinguts. L&#8217; estudi pret\u00e9n comprovar l&#8217; exactitud de l&#8217; aplicaci\u00f3 de mesures correctores. En concret, durant aquest pas es recopilaran i analitzaran les dades obtingudes durant el per\u00edode d&#8217; aplicaci\u00f3. L&#8217; an\u00e0lisi d&#8217; aquestes dades utilitzar\u00e0 el mateix conjunt d&#8217; indicadors ODEQUS seleccionats per a l&#8217; avaluaci\u00f3 inicial. Finalment, es debatran els resultats amb l&#8217;equip local i es presentaran les recomanacions finals.<\/p>\n<p>[\/vc_column_text][\/vc_column][\/vc_row][vc_row row_height_percent=&#8221;0&#8243; override_padding=&#8221;yes&#8221; h_padding=&#8221;2&#8243; top_padding=&#8221;3&#8243; bottom_padding=&#8221;3&#8243; back_color=&#8221;color-lxmt&#8221; overlay_alpha=&#8221;50&#8243; gutter_size=&#8221;3&#8243; column_width_percent=&#8221;100&#8243; shift_y=&#8221;0&#8243; z_index=&#8221;0&#8243; uncode_shortcode_id=&#8221;103339&#8243; back_color_type=&#8221;uncode-palette&#8221;][vc_column column_width_percent=&#8221;100&#8243; align_horizontal=&#8221;align_center&#8221; gutter_size=&#8221;3&#8243; overlay_alpha=&#8221;50&#8243; shift_x=&#8221;0&#8243; shift_y=&#8221;0&#8243; shift_y_down=&#8221;0&#8243; z_index=&#8221;0&#8243; medium_width=&#8221;0&#8243; mobile_width=&#8221;0&#8243; width=&#8221;1\/1&#8243; uncode_shortcode_id=&#8221;104577&#8243;][vc_custom_heading heading_semantic=&#8221;div&#8221; text_weight=&#8221;600&#8243; uncode_shortcode_id=&#8221;212475&#8243;]Contacta\u2019ns per m\u00e9s informaci\u00f3 sobre aquest servei[\/vc_custom_heading][vc_raw_html]PGlmcmFtZSBmcmFtZWJvcmRlcj0iMCIgc3R5bGU9ImhlaWdodDo4MDBweDt3aWR0aDo5OSU7Ym9yZGVyOm5vbmU7IiBzcmM9J2h0dHBzOi8vZm9ybXMuem9ob3B1YmxpYy5jb20vZHRpZm91bmRhdGlvbi9mb3JtL0RUSUZvdW5kYXRpb25RdWFsaXR5Q29udHJvbGFuZEF1ZGl0aW5nL2Zvcm1wZXJtYS95ODVvU1gxcV83clgwbTBqeFRWa1pCd3RZc0VOUUdyZnZ3dUdoSXpPcWNFP3pmX2xhbmc9Y2EnPjwvaWZyYW1lPg==[\/vc_raw_html][\/vc_column][\/vc_row]<\/p>\n<\/div>","protected":false},"excerpt":{"rendered":"<p>A DTI, oferim l\u2019oportunitat a hospitals de tot el m\u00f3n de rebre auditories i controls de qualitat. Aix\u00f2 es fa per desenvolupar plans de millora a mida mitjan\u00e7ant mesures correctores per tal de millorar la qualitat general de l\u2019 assist\u00e8ncia que es presta en aquests hospitals.<\/p>\n","protected":false},"author":1,"featured_media":9295,"parent":17305,"menu_order":0,"comment_status":"closed","ping_status":"closed","template":"","meta":{"_acf_changed":false,"footnotes":""},"class_list":["post-10759","page","type-page","status-publish","has-post-thumbnail","hentry"],"acf":[],"yoast_head":"<!-- This site is optimized with the Yoast SEO plugin v26.9 - https:\/\/yoast.com\/product\/yoast-seo-wordpress\/ -->\n<title>Control de qualitat i auditoria | DTI Foundation | Donation &amp; Transplantation Institute<\/title>\n<meta name=\"description\" content=\"Descobreix tota la informaci\u00f3 sobre Control de qualitat i auditoria a la nostra web. A DTI oferim suport a projectes internacionals orientats a augmentar la donaci\u00f3 d&#039;\u00f2rgans i els trasplantaments arreu del m\u00f3n.\" \/>\n<meta name=\"robots\" content=\"index, follow, max-snippet:-1, max-image-preview:large, max-video-preview:-1\" \/>\n<link rel=\"canonical\" href=\"https:\/\/dtifoundation.com\/ca\/cooperacio-internacional\/control-de-qualitat-i-auditoria\/\" \/>\n<meta property=\"og:locale\" content=\"ca_ES\" \/>\n<meta property=\"og:type\" content=\"article\" \/>\n<meta property=\"og:title\" content=\"Control de qualitat i auditoria | DTI Foundation | Donation &amp; Transplantation Institute\" \/>\n<meta property=\"og:description\" content=\"Descobreix tota la informaci\u00f3 sobre Control de qualitat i auditoria a la nostra web. A DTI oferim suport a projectes internacionals orientats a augmentar la donaci\u00f3 d&#039;\u00f2rgans i els trasplantaments arreu del m\u00f3n.\" \/>\n<meta property=\"og:url\" content=\"https:\/\/dtifoundation.com\/ca\/cooperacio-internacional\/control-de-qualitat-i-auditoria\/\" \/>\n<meta property=\"og:site_name\" content=\"DTI Foundation | Donation &amp; Transplantation Institute\" \/>\n<meta property=\"article:modified_time\" content=\"2026-04-15T07:55:06+00:00\" \/>\n<meta property=\"og:image\" content=\"https:\/\/dtifoundation.com\/wp-content\/uploads\/2023\/04\/hospital-surgery-and-team-of-doctors-in-theatre-f-2023-04-20-19-56-32-utc.jpg\" \/>\n\t<meta property=\"og:image:width\" content=\"2500\" \/>\n\t<meta property=\"og:image:height\" content=\"1667\" \/>\n\t<meta property=\"og:image:type\" content=\"image\/jpeg\" \/>\n<meta name=\"twitter:card\" content=\"summary_large_image\" \/>\n<meta name=\"twitter:label1\" content=\"Temps estimat de lectura\" \/>\n\t<meta name=\"twitter:data1\" content=\"5 minuts\" \/>\n<script type=\"application\/ld+json\" class=\"yoast-schema-graph\">{\"@context\":\"https:\/\/schema.org\",\"@graph\":[{\"@type\":[\"WebPage\",\"MedicalWebPage\"],\"@id\":\"https:\/\/dtifoundation.com\/ca\/cooperacio-internacional\/control-de-qualitat-i-auditoria\/\",\"url\":\"https:\/\/dtifoundation.com\/ca\/cooperacio-internacional\/control-de-qualitat-i-auditoria\/\",\"name\":\"Control de qualitat i auditoria | DTI Foundation | Donation &amp; Transplantation Institute\",\"isPartOf\":{\"@id\":\"https:\/\/dtifoundation.com\/#website\"},\"primaryImageOfPage\":{\"@id\":\"https:\/\/dtifoundation.com\/ca\/cooperacio-internacional\/control-de-qualitat-i-auditoria\/#primaryimage\"},\"image\":{\"@id\":\"https:\/\/dtifoundation.com\/ca\/cooperacio-internacional\/control-de-qualitat-i-auditoria\/#primaryimage\"},\"thumbnailUrl\":\"https:\/\/dtifoundation.com\/wp-content\/uploads\/2023\/04\/hospital-surgery-and-team-of-doctors-in-theatre-f-2023-04-20-19-56-32-utc.jpg\",\"datePublished\":\"2023-05-16T15:12:07+00:00\",\"dateModified\":\"2026-04-15T07:55:06+00:00\",\"description\":\"Descobreix tota la informaci\u00f3 sobre Control de qualitat i auditoria a la nostra web. A DTI oferim suport a projectes internacionals orientats a augmentar la donaci\u00f3 d'\u00f2rgans i els trasplantaments arreu del m\u00f3n.\",\"breadcrumb\":{\"@id\":\"https:\/\/dtifoundation.com\/ca\/cooperacio-internacional\/control-de-qualitat-i-auditoria\/#breadcrumb\"},\"inLanguage\":\"ca\",\"potentialAction\":[{\"@type\":\"ReadAction\",\"target\":[\"https:\/\/dtifoundation.com\/ca\/cooperacio-internacional\/control-de-qualitat-i-auditoria\/\"]}]},{\"@type\":\"ImageObject\",\"inLanguage\":\"ca\",\"@id\":\"https:\/\/dtifoundation.com\/ca\/cooperacio-internacional\/control-de-qualitat-i-auditoria\/#primaryimage\",\"url\":\"https:\/\/dtifoundation.com\/wp-content\/uploads\/2023\/04\/hospital-surgery-and-team-of-doctors-in-theatre-f-2023-04-20-19-56-32-utc.jpg\",\"contentUrl\":\"https:\/\/dtifoundation.com\/wp-content\/uploads\/2023\/04\/hospital-surgery-and-team-of-doctors-in-theatre-f-2023-04-20-19-56-32-utc.jpg\",\"width\":2500,\"height\":1667},{\"@type\":\"BreadcrumbList\",\"@id\":\"https:\/\/dtifoundation.com\/ca\/cooperacio-internacional\/control-de-qualitat-i-auditoria\/#breadcrumb\",\"itemListElement\":[{\"@type\":\"ListItem\",\"position\":1,\"name\":\"Home\",\"item\":\"https:\/\/dtifoundation.com\/ca\/\"},{\"@type\":\"ListItem\",\"position\":2,\"name\":\"Cooperaci\u00f3 Internacional\",\"item\":\"https:\/\/dtifoundation.com\/cooperacio-internacional\/\"},{\"@type\":\"ListItem\",\"position\":3,\"name\":\"Control de qualitat i auditoria\"}]},{\"@type\":\"WebSite\",\"@id\":\"https:\/\/dtifoundation.com\/#website\",\"url\":\"https:\/\/dtifoundation.com\/\",\"name\":\"TPM - DTI Foundation\",\"description\":\"\",\"potentialAction\":[{\"@type\":\"SearchAction\",\"target\":{\"@type\":\"EntryPoint\",\"urlTemplate\":\"https:\/\/dtifoundation.com\/?s={search_term_string}\"},\"query-input\":{\"@type\":\"PropertyValueSpecification\",\"valueRequired\":true,\"valueName\":\"search_term_string\"}}],\"inLanguage\":\"ca\"}]}<\/script>\n<!-- \/ Yoast SEO plugin. -->","yoast_head_json":{"title":"Control de qualitat i auditoria | DTI Foundation | Donation &amp; Transplantation Institute","description":"Descobreix tota la informaci\u00f3 sobre Control de qualitat i auditoria a la nostra web. A DTI oferim suport a projectes internacionals orientats a augmentar la donaci\u00f3 d'\u00f2rgans i els trasplantaments arreu del m\u00f3n.","robots":{"index":"index","follow":"follow","max-snippet":"max-snippet:-1","max-image-preview":"max-image-preview:large","max-video-preview":"max-video-preview:-1"},"canonical":"https:\/\/dtifoundation.com\/ca\/cooperacio-internacional\/control-de-qualitat-i-auditoria\/","og_locale":"ca_ES","og_type":"article","og_title":"Control de qualitat i auditoria | DTI Foundation | Donation &amp; Transplantation Institute","og_description":"Descobreix tota la informaci\u00f3 sobre Control de qualitat i auditoria a la nostra web. A DTI oferim suport a projectes internacionals orientats a augmentar la donaci\u00f3 d'\u00f2rgans i els trasplantaments arreu del m\u00f3n.","og_url":"https:\/\/dtifoundation.com\/ca\/cooperacio-internacional\/control-de-qualitat-i-auditoria\/","og_site_name":"DTI Foundation | Donation &amp; Transplantation Institute","article_modified_time":"2026-04-15T07:55:06+00:00","og_image":[{"width":2500,"height":1667,"url":"https:\/\/dtifoundation.com\/wp-content\/uploads\/2023\/04\/hospital-surgery-and-team-of-doctors-in-theatre-f-2023-04-20-19-56-32-utc.jpg","type":"image\/jpeg"}],"twitter_card":"summary_large_image","twitter_misc":{"Temps estimat de lectura":"5 minuts"},"schema":{"@context":"https:\/\/schema.org","@graph":[{"@type":["WebPage","MedicalWebPage"],"@id":"https:\/\/dtifoundation.com\/ca\/cooperacio-internacional\/control-de-qualitat-i-auditoria\/","url":"https:\/\/dtifoundation.com\/ca\/cooperacio-internacional\/control-de-qualitat-i-auditoria\/","name":"Control de qualitat i auditoria | DTI Foundation | Donation &amp; Transplantation Institute","isPartOf":{"@id":"https:\/\/dtifoundation.com\/#website"},"primaryImageOfPage":{"@id":"https:\/\/dtifoundation.com\/ca\/cooperacio-internacional\/control-de-qualitat-i-auditoria\/#primaryimage"},"image":{"@id":"https:\/\/dtifoundation.com\/ca\/cooperacio-internacional\/control-de-qualitat-i-auditoria\/#primaryimage"},"thumbnailUrl":"https:\/\/dtifoundation.com\/wp-content\/uploads\/2023\/04\/hospital-surgery-and-team-of-doctors-in-theatre-f-2023-04-20-19-56-32-utc.jpg","datePublished":"2023-05-16T15:12:07+00:00","dateModified":"2026-04-15T07:55:06+00:00","description":"Descobreix tota la informaci\u00f3 sobre Control de qualitat i auditoria a la nostra web. A DTI oferim suport a projectes internacionals orientats a augmentar la donaci\u00f3 d'\u00f2rgans i els trasplantaments arreu del m\u00f3n.","breadcrumb":{"@id":"https:\/\/dtifoundation.com\/ca\/cooperacio-internacional\/control-de-qualitat-i-auditoria\/#breadcrumb"},"inLanguage":"ca","potentialAction":[{"@type":"ReadAction","target":["https:\/\/dtifoundation.com\/ca\/cooperacio-internacional\/control-de-qualitat-i-auditoria\/"]}]},{"@type":"ImageObject","inLanguage":"ca","@id":"https:\/\/dtifoundation.com\/ca\/cooperacio-internacional\/control-de-qualitat-i-auditoria\/#primaryimage","url":"https:\/\/dtifoundation.com\/wp-content\/uploads\/2023\/04\/hospital-surgery-and-team-of-doctors-in-theatre-f-2023-04-20-19-56-32-utc.jpg","contentUrl":"https:\/\/dtifoundation.com\/wp-content\/uploads\/2023\/04\/hospital-surgery-and-team-of-doctors-in-theatre-f-2023-04-20-19-56-32-utc.jpg","width":2500,"height":1667},{"@type":"BreadcrumbList","@id":"https:\/\/dtifoundation.com\/ca\/cooperacio-internacional\/control-de-qualitat-i-auditoria\/#breadcrumb","itemListElement":[{"@type":"ListItem","position":1,"name":"Home","item":"https:\/\/dtifoundation.com\/ca\/"},{"@type":"ListItem","position":2,"name":"Cooperaci\u00f3 Internacional","item":"https:\/\/dtifoundation.com\/cooperacio-internacional\/"},{"@type":"ListItem","position":3,"name":"Control de qualitat i auditoria"}]},{"@type":"WebSite","@id":"https:\/\/dtifoundation.com\/#website","url":"https:\/\/dtifoundation.com\/","name":"TPM - DTI Foundation","description":"","potentialAction":[{"@type":"SearchAction","target":{"@type":"EntryPoint","urlTemplate":"https:\/\/dtifoundation.com\/?s={search_term_string}"},"query-input":{"@type":"PropertyValueSpecification","valueRequired":true,"valueName":"search_term_string"}}],"inLanguage":"ca"}]}},"_links":{"self":[{"href":"https:\/\/dtifoundation.com\/ca\/wp-json\/wp\/v2\/pages\/10759","targetHints":{"allow":["GET"]}}],"collection":[{"href":"https:\/\/dtifoundation.com\/ca\/wp-json\/wp\/v2\/pages"}],"about":[{"href":"https:\/\/dtifoundation.com\/ca\/wp-json\/wp\/v2\/types\/page"}],"author":[{"embeddable":true,"href":"https:\/\/dtifoundation.com\/ca\/wp-json\/wp\/v2\/users\/1"}],"replies":[{"embeddable":true,"href":"https:\/\/dtifoundation.com\/ca\/wp-json\/wp\/v2\/comments?post=10759"}],"version-history":[{"count":4,"href":"https:\/\/dtifoundation.com\/ca\/wp-json\/wp\/v2\/pages\/10759\/revisions"}],"predecessor-version":[{"id":18138,"href":"https:\/\/dtifoundation.com\/ca\/wp-json\/wp\/v2\/pages\/10759\/revisions\/18138"}],"up":[{"embeddable":true,"href":"https:\/\/dtifoundation.com\/ca\/wp-json\/wp\/v2\/pages\/17305"}],"wp:featuredmedia":[{"embeddable":true,"href":"https:\/\/dtifoundation.com\/ca\/wp-json\/wp\/v2\/media\/9295"}],"wp:attachment":[{"href":"https:\/\/dtifoundation.com\/ca\/wp-json\/wp\/v2\/media?parent=10759"}],"curies":[{"name":"wp","href":"https:\/\/api.w.org\/{rel}","templated":true}]}}