{"id":10303,"date":"2023-05-08T13:37:17","date_gmt":"2023-05-08T13:37:17","guid":{"rendered":"http:\/\/dti.developallin.com\/innovacio-docent\/"},"modified":"2023-05-22T11:59:17","modified_gmt":"2023-05-22T11:59:17","slug":"innovacio-docent","status":"publish","type":"page","link":"https:\/\/dtifoundation.com\/ca\/innovacio-docent\/","title":{"rendered":"Innovaci\u00f3 Docent"},"content":{"rendered":"<div class=\"wpb-content-wrapper\"><p>[vc_row row_height_percent=&#8221;0&#8243; override_padding=&#8221;yes&#8221; h_padding=&#8221;2&#8243; top_padding=&#8221;3&#8243; bottom_padding=&#8221;3&#8243; overlay_alpha=&#8221;50&#8243; gutter_size=&#8221;3&#8243; column_width_percent=&#8221;100&#8243; shift_y=&#8221;0&#8243; z_index=&#8221;0&#8243; uncode_shortcode_id=&#8221;188534&#8243;][vc_column width=&#8221;1\/1&#8243;][vc_row_inner][vc_column_inner width=&#8221;1\/1&#8243;][vc_custom_heading text_color=&#8221;color-jevc&#8221; uncode_shortcode_id=&#8221;181379&#8243; text_color_type=&#8221;uncode-palette&#8221;]Innovaci\u00f3 Docent[\/vc_custom_heading][vc_column_text uncode_shortcode_id=&#8221;882559&#8243;]Durant anys, DTI ha brindat als estudiants valuoses confer\u00e8ncies, formaci\u00f3 i experi\u00e8ncies que els oferiran les eines necess\u00e0ries per navegar el proc\u00e9s de donaci\u00f3 i trasplantament d&#8217;\u00f2rgans com a futurs professionals m\u00e8dics.<\/p>\n<p>A causa de les limitacions de la pand\u00e8mia de COVID-19 el 2020, ha augmentat la necessitat de noves eines i m\u00e8todes per dur a terme formacions i cursos educatius en l\u00ednia, sense comprometre&#8217;n la qualitat. Per cobrir aquestes necessitats, DTI ha fet grans passos en innovaci\u00f3 per digitalitzar els seus cursos de formaci\u00f3. Utilitzant la realitat virtual, els videojocs interactius, la transmissi\u00f3 en viu i els espais de reunions virtuals, els cursos de formaci\u00f3 de DTI continuen sent tan atractius, impactants i significatius com els cursos presencials.[\/vc_column_text][\/vc_column_inner][\/vc_row_inner][vc_row_inner][vc_column_inner width=&#8221;1\/1&#8243;][vc_custom_heading text_color=&#8221;color-red-tpm-dti&#8221; heading_semantic=&#8221;div&#8221; text_size=&#8221;h3&#8243; text_weight=&#8221;600&#8243; uncode_shortcode_id=&#8221;176251&#8243; text_color_type=&#8221;uncode-palette&#8221;]Xerrades i tallers en l\u00ednia:[\/vc_custom_heading][vc_column_text uncode_shortcode_id=&#8221;152016&#8243;]DTI ha pogut adaptar els seus tallers fent servir programari d&#8217;enregistrament en viu per crear confer\u00e8ncies i tallers interactius en viu. Aqu\u00ed es fa servir la tecnologia perqu\u00e8 els alumnes es posin a la pell d&#8217;un metge i visquin l&#8217;experi\u00e8ncia com si fos real.<\/p>\n<p>En brindar experi\u00e8ncies totalment immersives als estudiants, DTI proporciona detalls extensos a les confer\u00e8ncies. En confer\u00e8ncies en viu, els estudiants tenen loportunitat de veure el material utilitzat en una sala doperacions. Un equip de professionals munta un estudi que representa un quir\u00f2fan on fan confer\u00e8ncies als alumnes que se sumen a aquestes trobades de forma virtual. Els estudiants se submergeixen en material educatiu i se&#8217;ls pregunta sobre casos espec\u00edfics. Aquesta forma deducaci\u00f3 millora lexperi\u00e8ncia daprenentatge i porta als estudiants fora de laula tradicional sense deixar de respectar les limitacions de la pand\u00e8mia.[\/vc_column_text][\/vc_column_inner][\/vc_row_inner][vc_row_inner][vc_column_inner width=&#8221;1\/1&#8243;][vc_custom_heading text_color=&#8221;color-red-tpm-dti&#8221; heading_semantic=&#8221;div&#8221; text_size=&#8221;h3&#8243; text_weight=&#8221;600&#8243; uncode_shortcode_id=&#8221;129876&#8243; text_color_type=&#8221;uncode-palette&#8221;]Game of donors:[\/vc_custom_heading][vc_column_text uncode_shortcode_id=&#8221;817999&#8243;]DTI ha innovat i digitalitzat els seus cursos en l\u00ednia mitjan\u00e7ant la gamificaci\u00f3 d&#8217;algunes activitats formatives. A trav\u00e9s d&#8217;aquestes innovacions s&#8217;han fet diversos cursos de TPM en modalitat virtual a trav\u00e9s de videojocs interactius.<\/p>\n<p>Aquests cursos s\u00f3n tradicionalment presencials en qu\u00e8 sempre es fomenta i recolza la participaci\u00f3, el treball en equip i la simulaci\u00f3 pr\u00e0ctica. A causa de les limitacions de la pand\u00e8mia de COVID-19, els cursos s&#8217;han adaptat a una modalitat en l\u00ednia, aplicant les darreres innovacions en material educatiu.<\/p>\n<p>El joc permet als participants navegar el proc\u00e9s de detecci\u00f3 i avaluaci\u00f3 de donants mentre els desafia a comunicar-se amb el personatge del donant i la seva fam\u00edlia de manera adequada i emp\u00e0tica. Els estudiants adquireixen experi\u00e8ncia cl\u00ednica a l&#8217;avaluaci\u00f3 de donants potencials d&#8217;aquest joc, a trav\u00e9s de revisions de casos cl\u00ednics.[\/vc_column_text][\/vc_column_inner][\/vc_row_inner][vc_row_inner][vc_column_inner width=&#8221;1\/2&#8243;][vc_single_image media=&#8221;9804&#8243; media_width_percent=&#8221;100&#8243; uncode_shortcode_id=&#8221;628210&#8243;][\/vc_column_inner][vc_column_inner width=&#8221;1\/2&#8243;][vc_custom_heading text_color=&#8221;color-red-tpm-dti&#8221; heading_semantic=&#8221;div&#8221; text_size=&#8221;h3&#8243; text_weight=&#8221;600&#8243; uncode_shortcode_id=&#8221;168956&#8243; text_color_type=&#8221;uncode-palette&#8221;]Metodologia VR Immersiva en DTI Training:[\/vc_custom_heading][vc_column_text uncode_shortcode_id=&#8221;176984&#8243;]En col\u00b7laboraci\u00f3 amb Immersium Studio, DTI ha desenvolupat una aplicaci\u00f3 d&#8217;aprenentatge immersiu que ofereix aprenentatge pr\u00e0ctic als estudiants a trav\u00e9s d&#8217;una plataforma de realitat virtual.<\/p>\n<p>Un exemple on aix\u00f2 s&#8217;utilitza \u00e9s el nostre &#8220;Taller internacional sobre enfocament familiar per a la donaci\u00f3 d&#8217;\u00f2rgans&#8221;. Aqu\u00ed, l&#8217;aplicaci\u00f3 VR permet a l&#8217;espectador actuar com un professional m\u00e8dic, amb l&#8217;objectiu de navegar el proc\u00e9s de con\u00e8ixer la fam\u00edlia d&#8217;un pacient, aprendre sobre ells i, en darrera inst\u00e0ncia, transmetre males not\u00edcies a la fam\u00edlia del pacient dins del proc\u00e9s \u00f2rgans i teixits. L&#8217;objectiu d&#8217;aquest taller \u00e9s donar als estudiants una mirada realista als reptes que presenta l&#8217;enfocament familiar al m\u00f3n real.<\/p>\n<p>Juntament amb el taller internacional sobre l&#8217;enfocament familiar per a la donaci\u00f3 d&#8217;\u00f2rgans, DTI ha desenvolupat una experi\u00e8ncia de v\u00eddeo interactiu de 360\u00b0 del viatge del TPM (Transplant Procurement Manager). Aqu\u00ed, els usuaris, sovint professionals de la salut, metges de trasplantaments, professionals de bioci\u00e8ncies, coordinadors de trasplantaments i aquells involucrats als camps m\u00e8dics relacionats amb la donaci\u00f3 d&#8217;\u00f2rgans, tenen l&#8217;oportunitat de visitar virtualment un hospital amb programes espanyols de donaci\u00f3 i trasplantament. Aquesta tecnologia innovadora proporciona als usuaris una experi\u00e8ncia en primera persona d&#8217;una visita a l&#8217;hospital i els permet comprendre com \u00e9s el model espanyol quant a la seva organitzaci\u00f3 en donaci\u00f3 i trasplantament.[\/vc_column_text][\/vc_column_inner][\/vc_row_inner][\/vc_column][\/vc_row][vc_row row_height_percent=&#8221;0&#8243; override_padding=&#8221;yes&#8221; h_padding=&#8221;2&#8243; top_padding=&#8221;3&#8243; bottom_padding=&#8221;3&#8243; back_color=&#8221;color-lxmt&#8221; overlay_alpha=&#8221;50&#8243; gutter_size=&#8221;3&#8243; column_width_percent=&#8221;100&#8243; shift_y=&#8221;0&#8243; z_index=&#8221;0&#8243; uncode_shortcode_id=&#8221;170336&#8243; back_color_type=&#8221;uncode-palette&#8221;][vc_column width=&#8221;1\/1&#8243;][vc_custom_heading text_color=&#8221;color-red-tpm-dti&#8221; heading_semantic=&#8221;div&#8221; text_weight=&#8221;800&#8243; uncode_shortcode_id=&#8221;560753&#8243; text_color_type=&#8221;uncode-palette&#8221;]CONCLUSI\u00d3[\/vc_custom_heading][vc_column_text uncode_shortcode_id=&#8221;599348&#8243;]L\u00fas de videojocs interactius, simulacions cl\u00edniques retransmeses en directe i una experi\u00e8ncia immersiva amb realitat virtual ha estat una alternativa a lexperi\u00e8ncia presencial. DTI ha pogut oferir experi\u00e8ncies significatives durant els cursos de TPM amb resultats positius segons els comentaris dels participants sobre el desenvolupament del curs.[\/vc_column_text][\/vc_column][\/vc_row]<\/p>\n<\/div>","protected":false},"excerpt":{"rendered":"<p>[vc_row row_height_percent=&#8221;0&#8243; override_padding=&#8221;yes&#8221; h_padding=&#8221;2&#8243; top_padding=&#8221;3&#8243; bottom_padding=&#8221;3&#8243; overlay_alpha=&#8221;50&#8243; gutter_size=&#8221;3&#8243; column_width_percent=&#8221;100&#8243; shift_y=&#8221;0&#8243; z_index=&#8221;0&#8243; uncode_shortcode_id=&#8221;188534&#8243;][vc_column width=&#8221;1\/1&#8243;][vc_row_inner][vc_column_inner width=&#8221;1\/1&#8243;][vc_custom_heading text_color=&#8221;color-jevc&#8221; uncode_shortcode_id=&#8221;181379&#8243; text_color_type=&#8221;uncode-palette&#8221;]Innovaci\u00f3 Docent[\/vc_custom_heading][vc_column_text uncode_shortcode_id=&#8221;882559&#8243;]Durant anys, [&hellip;]<\/p>\n","protected":false},"author":1,"featured_media":9802,"parent":0,"menu_order":0,"comment_status":"closed","ping_status":"closed","template":"","meta":{"_acf_changed":false,"footnotes":""},"class_list":["post-10303","page","type-page","status-publish","has-post-thumbnail","hentry"],"acf":[],"yoast_head":"<!-- This site is optimized with the Yoast SEO plugin v26.9 - https:\/\/yoast.com\/product\/yoast-seo-wordpress\/ -->\n<title>Innovaci\u00f3 Docent | DTI Foundation | Donation &amp; Transplantation Institute<\/title>\n<meta name=\"description\" content=\"Descobreix tota la informaci\u00f3 sobre Innovaci\u00f3 Docent a la nostra web. A DTI oferim suport a projectes internacionals orientats a augmentar la donaci\u00f3 d&#039;\u00f2rgans i els trasplantaments arreu del m\u00f3n.\" \/>\n<meta name=\"robots\" content=\"index, follow, max-snippet:-1, max-image-preview:large, max-video-preview:-1\" \/>\n<link rel=\"canonical\" href=\"https:\/\/dtifoundation.com\/ca\/innovacio-docent\/\" \/>\n<meta property=\"og:locale\" content=\"ca_ES\" \/>\n<meta property=\"og:type\" content=\"article\" \/>\n<meta property=\"og:title\" content=\"Innovaci\u00f3 Docent | DTI Foundation | Donation &amp; Transplantation Institute\" \/>\n<meta property=\"og:description\" content=\"Descobreix tota la informaci\u00f3 sobre Innovaci\u00f3 Docent a la nostra web. A DTI oferim suport a projectes internacionals orientats a augmentar la donaci\u00f3 d&#039;\u00f2rgans i els trasplantaments arreu del m\u00f3n.\" \/>\n<meta property=\"og:url\" content=\"https:\/\/dtifoundation.com\/ca\/innovacio-docent\/\" \/>\n<meta property=\"og:site_name\" content=\"DTI Foundation | Donation &amp; Transplantation Institute\" \/>\n<meta property=\"article:modified_time\" content=\"2023-05-22T11:59:17+00:00\" \/>\n<meta property=\"og:image\" content=\"https:\/\/dtifoundation.com\/wp-content\/uploads\/2023\/05\/empty-amphitheater-2021-09-03-23-03-51-utc.jpg\" \/>\n\t<meta property=\"og:image:width\" content=\"2500\" \/>\n\t<meta property=\"og:image:height\" content=\"1666\" \/>\n\t<meta property=\"og:image:type\" content=\"image\/jpeg\" \/>\n<meta name=\"twitter:card\" content=\"summary_large_image\" \/>\n<meta name=\"twitter:label1\" content=\"Temps estimat de lectura\" \/>\n\t<meta name=\"twitter:data1\" content=\"5 minuts\" \/>\n<script type=\"application\/ld+json\" class=\"yoast-schema-graph\">{\"@context\":\"https:\/\/schema.org\",\"@graph\":[{\"@type\":[\"WebPage\",\"MedicalWebPage\"],\"@id\":\"https:\/\/dtifoundation.com\/ca\/innovacio-docent\/\",\"url\":\"https:\/\/dtifoundation.com\/ca\/innovacio-docent\/\",\"name\":\"Innovaci\u00f3 Docent | DTI Foundation | Donation &amp; Transplantation Institute\",\"isPartOf\":{\"@id\":\"https:\/\/dtifoundation.com\/#website\"},\"primaryImageOfPage\":{\"@id\":\"https:\/\/dtifoundation.com\/ca\/innovacio-docent\/#primaryimage\"},\"image\":{\"@id\":\"https:\/\/dtifoundation.com\/ca\/innovacio-docent\/#primaryimage\"},\"thumbnailUrl\":\"https:\/\/dtifoundation.com\/wp-content\/uploads\/2023\/05\/empty-amphitheater-2021-09-03-23-03-51-utc.jpg\",\"datePublished\":\"2023-05-08T13:37:17+00:00\",\"dateModified\":\"2023-05-22T11:59:17+00:00\",\"description\":\"Descobreix tota la informaci\u00f3 sobre Innovaci\u00f3 Docent a la nostra web. A DTI oferim suport a projectes internacionals orientats a augmentar la donaci\u00f3 d'\u00f2rgans i els trasplantaments arreu del m\u00f3n.\",\"breadcrumb\":{\"@id\":\"https:\/\/dtifoundation.com\/ca\/innovacio-docent\/#breadcrumb\"},\"inLanguage\":\"ca\",\"potentialAction\":[{\"@type\":\"ReadAction\",\"target\":[\"https:\/\/dtifoundation.com\/ca\/innovacio-docent\/\"]}]},{\"@type\":\"ImageObject\",\"inLanguage\":\"ca\",\"@id\":\"https:\/\/dtifoundation.com\/ca\/innovacio-docent\/#primaryimage\",\"url\":\"https:\/\/dtifoundation.com\/wp-content\/uploads\/2023\/05\/empty-amphitheater-2021-09-03-23-03-51-utc.jpg\",\"contentUrl\":\"https:\/\/dtifoundation.com\/wp-content\/uploads\/2023\/05\/empty-amphitheater-2021-09-03-23-03-51-utc.jpg\",\"width\":2500,\"height\":1666},{\"@type\":\"BreadcrumbList\",\"@id\":\"https:\/\/dtifoundation.com\/ca\/innovacio-docent\/#breadcrumb\",\"itemListElement\":[{\"@type\":\"ListItem\",\"position\":1,\"name\":\"Home\",\"item\":\"https:\/\/dtifoundation.com\/ca\/\"},{\"@type\":\"ListItem\",\"position\":2,\"name\":\"Innovaci\u00f3 Docent\"}]},{\"@type\":\"WebSite\",\"@id\":\"https:\/\/dtifoundation.com\/#website\",\"url\":\"https:\/\/dtifoundation.com\/\",\"name\":\"TPM - DTI Foundation\",\"description\":\"\",\"potentialAction\":[{\"@type\":\"SearchAction\",\"target\":{\"@type\":\"EntryPoint\",\"urlTemplate\":\"https:\/\/dtifoundation.com\/?s={search_term_string}\"},\"query-input\":{\"@type\":\"PropertyValueSpecification\",\"valueRequired\":true,\"valueName\":\"search_term_string\"}}],\"inLanguage\":\"ca\"}]}<\/script>\n<!-- \/ Yoast SEO plugin. -->","yoast_head_json":{"title":"Innovaci\u00f3 Docent | DTI Foundation | Donation &amp; Transplantation Institute","description":"Descobreix tota la informaci\u00f3 sobre Innovaci\u00f3 Docent a la nostra web. A DTI oferim suport a projectes internacionals orientats a augmentar la donaci\u00f3 d'\u00f2rgans i els trasplantaments arreu del m\u00f3n.","robots":{"index":"index","follow":"follow","max-snippet":"max-snippet:-1","max-image-preview":"max-image-preview:large","max-video-preview":"max-video-preview:-1"},"canonical":"https:\/\/dtifoundation.com\/ca\/innovacio-docent\/","og_locale":"ca_ES","og_type":"article","og_title":"Innovaci\u00f3 Docent | DTI Foundation | Donation &amp; Transplantation Institute","og_description":"Descobreix tota la informaci\u00f3 sobre Innovaci\u00f3 Docent a la nostra web. A DTI oferim suport a projectes internacionals orientats a augmentar la donaci\u00f3 d'\u00f2rgans i els trasplantaments arreu del m\u00f3n.","og_url":"https:\/\/dtifoundation.com\/ca\/innovacio-docent\/","og_site_name":"DTI Foundation | Donation &amp; Transplantation Institute","article_modified_time":"2023-05-22T11:59:17+00:00","og_image":[{"width":2500,"height":1666,"url":"https:\/\/dtifoundation.com\/wp-content\/uploads\/2023\/05\/empty-amphitheater-2021-09-03-23-03-51-utc.jpg","type":"image\/jpeg"}],"twitter_card":"summary_large_image","twitter_misc":{"Temps estimat de lectura":"5 minuts"},"schema":{"@context":"https:\/\/schema.org","@graph":[{"@type":["WebPage","MedicalWebPage"],"@id":"https:\/\/dtifoundation.com\/ca\/innovacio-docent\/","url":"https:\/\/dtifoundation.com\/ca\/innovacio-docent\/","name":"Innovaci\u00f3 Docent | DTI Foundation | Donation &amp; Transplantation Institute","isPartOf":{"@id":"https:\/\/dtifoundation.com\/#website"},"primaryImageOfPage":{"@id":"https:\/\/dtifoundation.com\/ca\/innovacio-docent\/#primaryimage"},"image":{"@id":"https:\/\/dtifoundation.com\/ca\/innovacio-docent\/#primaryimage"},"thumbnailUrl":"https:\/\/dtifoundation.com\/wp-content\/uploads\/2023\/05\/empty-amphitheater-2021-09-03-23-03-51-utc.jpg","datePublished":"2023-05-08T13:37:17+00:00","dateModified":"2023-05-22T11:59:17+00:00","description":"Descobreix tota la informaci\u00f3 sobre Innovaci\u00f3 Docent a la nostra web. A DTI oferim suport a projectes internacionals orientats a augmentar la donaci\u00f3 d'\u00f2rgans i els trasplantaments arreu del m\u00f3n.","breadcrumb":{"@id":"https:\/\/dtifoundation.com\/ca\/innovacio-docent\/#breadcrumb"},"inLanguage":"ca","potentialAction":[{"@type":"ReadAction","target":["https:\/\/dtifoundation.com\/ca\/innovacio-docent\/"]}]},{"@type":"ImageObject","inLanguage":"ca","@id":"https:\/\/dtifoundation.com\/ca\/innovacio-docent\/#primaryimage","url":"https:\/\/dtifoundation.com\/wp-content\/uploads\/2023\/05\/empty-amphitheater-2021-09-03-23-03-51-utc.jpg","contentUrl":"https:\/\/dtifoundation.com\/wp-content\/uploads\/2023\/05\/empty-amphitheater-2021-09-03-23-03-51-utc.jpg","width":2500,"height":1666},{"@type":"BreadcrumbList","@id":"https:\/\/dtifoundation.com\/ca\/innovacio-docent\/#breadcrumb","itemListElement":[{"@type":"ListItem","position":1,"name":"Home","item":"https:\/\/dtifoundation.com\/ca\/"},{"@type":"ListItem","position":2,"name":"Innovaci\u00f3 Docent"}]},{"@type":"WebSite","@id":"https:\/\/dtifoundation.com\/#website","url":"https:\/\/dtifoundation.com\/","name":"TPM - DTI Foundation","description":"","potentialAction":[{"@type":"SearchAction","target":{"@type":"EntryPoint","urlTemplate":"https:\/\/dtifoundation.com\/?s={search_term_string}"},"query-input":{"@type":"PropertyValueSpecification","valueRequired":true,"valueName":"search_term_string"}}],"inLanguage":"ca"}]}},"_links":{"self":[{"href":"https:\/\/dtifoundation.com\/ca\/wp-json\/wp\/v2\/pages\/10303","targetHints":{"allow":["GET"]}}],"collection":[{"href":"https:\/\/dtifoundation.com\/ca\/wp-json\/wp\/v2\/pages"}],"about":[{"href":"https:\/\/dtifoundation.com\/ca\/wp-json\/wp\/v2\/types\/page"}],"author":[{"embeddable":true,"href":"https:\/\/dtifoundation.com\/ca\/wp-json\/wp\/v2\/users\/1"}],"replies":[{"embeddable":true,"href":"https:\/\/dtifoundation.com\/ca\/wp-json\/wp\/v2\/comments?post=10303"}],"version-history":[{"count":0,"href":"https:\/\/dtifoundation.com\/ca\/wp-json\/wp\/v2\/pages\/10303\/revisions"}],"wp:featuredmedia":[{"embeddable":true,"href":"https:\/\/dtifoundation.com\/ca\/wp-json\/wp\/v2\/media\/9802"}],"wp:attachment":[{"href":"https:\/\/dtifoundation.com\/ca\/wp-json\/wp\/v2\/media?parent=10303"}],"curies":[{"name":"wp","href":"https:\/\/api.w.org\/{rel}","templated":true}]}}