{"id":10094,"date":"2023-05-08T15:00:51","date_gmt":"2023-05-08T15:00:51","guid":{"rendered":"http:\/\/dti.developallin.com\/webinars-cientifics\/"},"modified":"2025-02-28T11:59:48","modified_gmt":"2025-02-28T11:59:48","slug":"webinars-cientifics","status":"publish","type":"page","link":"https:\/\/dtifoundation.com\/ca\/webinars-cientifics\/","title":{"rendered":"Webinars cient\u00edfics"},"content":{"rendered":"<div class=\"wpb-content-wrapper\"><p>[vc_row row_height_percent=&#8221;0&#8243; override_padding=&#8221;yes&#8221; h_padding=&#8221;2&#8243; top_padding=&#8221;3&#8243; bottom_padding=&#8221;3&#8243; overlay_alpha=&#8221;50&#8243; gutter_size=&#8221;3&#8243; column_width_percent=&#8221;100&#8243; shift_y=&#8221;0&#8243; z_index=&#8221;0&#8243; desktop_visibility=&#8221;yes&#8221; medium_visibility=&#8221;yes&#8221; mobile_visibility=&#8221;yes&#8221; uncode_shortcode_id=&#8221;159475&#8243;][vc_column width=&#8221;1\/1&#8243;][vc_column_text uncode_shortcode_id=&#8221;120448&#8243;]Des de DTI, preparem una s\u00e8rie de seminaris web per parlar de temes importants com la detecci\u00f3 de donants, la donaci\u00f3, el trasplantament de m\u00faltiples \u00f2rgans, el seguiment del pacient i la donaci\u00f3 de teixits.<br \/>\nEls seminaris web que tenen lloc un cop al mes es divideixen en quatre categories:<\/p>\n<ul>\n<li>Seminaris web cl\u00ednics<\/li>\n<li>Seminaris web internacionals<\/li>\n<li>Seminaris web de recerca<\/li>\n<\/ul>\n<p>Esteu convidats a unir-vos al nostre proper seminari web, ja que creiem que pot ser de gran inter\u00e8s per a vosaltres.[\/vc_column_text][vc_row_inner][vc_column_inner width=&#8221;1\/3&#8243;][vc_single_image media=&#8221;9815&#8243; media_width_percent=&#8221;100&#8243; alignment=&#8221;center&#8221; uncode_shortcode_id=&#8221;150186&#8243;][\/vc_column_inner][vc_column_inner width=&#8221;1\/3&#8243;][vc_single_image media=&#8221;9812&#8243; media_width_percent=&#8221;100&#8243; alignment=&#8221;center&#8221; uncode_shortcode_id=&#8221;665634&#8243;][\/vc_column_inner][vc_column_inner width=&#8221;1\/3&#8243;][vc_single_image media=&#8221;9809&#8243; media_width_percent=&#8221;100&#8243; alignment=&#8221;center&#8221; uncode_shortcode_id=&#8221;796079&#8243;][\/vc_column_inner][\/vc_row_inner][vc_column_text uncode_shortcode_id=&#8221;135614&#8243;]<\/p>\n<h2>Pots veure els seminaris webs aqu\u00ed:<\/h2>\n<p>[\/vc_column_text][\/vc_column][\/vc_row][vc_row][vc_column width=&#8221;1\/3&#8243;][vc_single_image media=&#8221;15266&#8243; media_width_percent=&#8221;100&#8243; uncode_shortcode_id=&#8221;157845&#8243; media_link=&#8221;url:https%3A%2F%2Fvimeo.com%2F1060799030%3Fshare%3Dcopy%23t%3D0&#8243;][vc_custom_heading text_color=&#8221;color-red-tpm-dti&#8221; heading_semantic=&#8221;h3&#8243; text_size=&#8221;h3&#8243; uncode_shortcode_id=&#8221;581771&#8243; text_color_type=&#8221;uncode-palette&#8221; subheading=&#8221;Seminari Web Internacional (Febrer 2025)&#8221;]<\/p>\n<h3 style=\"text-align: center;\"><a href=\"https:\/\/vimeo.com\/1060799030?share=copy#t=0\">El sistema de donaci\u00f3 i trasplantament d&#8217;\u00f2rgans al Pakistan i els desafiaments futurs<\/a><\/h3>\n<p>[\/vc_custom_heading][\/vc_column][vc_column width=&#8221;1\/3&#8243;][vc_single_image media=&#8221;15263&#8243; media_width_percent=&#8221;100&#8243; alignment=&#8221;center&#8221; uncode_shortcode_id=&#8221;107427&#8243; media_link=&#8221;url:https%3A%2F%2Fvimeo.com%2F1047447894%3Fshare%3Dcopy%23t%3D0&#8243;][vc_custom_heading heading_semantic=&#8221;h3&#8243; text_size=&#8221;h3&#8243; uncode_shortcode_id=&#8221;689994&#8243; subheading=&#8221;Seminari web Clinic (Gener 2025)&#8221;]<\/p>\n<h3 style=\"text-align: center;\"><a href=\"https:\/\/vimeo.com\/1047447894?share=copy#t=0\">Trasplantament hep\u00e0tic en pacients amb hepatitis associada al consum d&#8217;alcohol<\/a><\/h3>\n<p>[\/vc_custom_heading][\/vc_column][\/vc_row][vc_row][vc_column width=&#8221;1\/3&#8243;][vc_single_image media=&#8221;14476&#8243; media_width_percent=&#8221;100&#8243; alignment=&#8221;center&#8221; uncode_shortcode_id=&#8221;125971&#8243; media_link=&#8221;url:https%3A%2F%2Fvimeo.com%2F1040686655%3Fshare%3Dcopy&#8221;][vc_custom_heading heading_semantic=&#8221;h3&#8243; text_size=&#8221;h3&#8243; uncode_shortcode_id=&#8221;166257&#8243; subheading=&#8221;Webinar Internacional (Desembre 2024)&#8221;]<\/p>\n<h3 style=\"text-align: center;\"><a href=\"https:\/\/vimeo.com\/1040686655?share=copy\">Perspectiva global del tr\u00e0fic d&#8217;\u00f2rgans<\/a><\/h3>\n<p>[\/vc_custom_heading][\/vc_column][vc_column width=&#8221;1\/3&#8243;][vc_single_image media=&#8221;14348&#8243; media_width_percent=&#8221;100&#8243; uncode_shortcode_id=&#8221;173746&#8243; media_link=&#8221;url:https%3A%2F%2Fvimeo.com%2F1029600372&#8243;][vc_custom_heading text_color=&#8221;color-red-tpm-dti&#8221; heading_semantic=&#8221;h3&#8243; text_size=&#8221;h3&#8243; uncode_shortcode_id=&#8221;715696&#8243; text_color_type=&#8221;uncode-palette&#8221; subheading=&#8221;Seminari Web clinic (Novembre 2024)&#8221;]<\/p>\n<h3 style=\"text-align: center;\"><a href=\"https:\/\/vimeo.com\/1029600372\">Desafiaments en la donaci\u00f3 d&#8217;\u00f2rgans de donants pedi\u00e0trics difunts<\/a><\/h3>\n<p>[\/vc_custom_heading][\/vc_column][vc_column width=&#8221;1\/3&#8243;][vc_single_image media=&#8221;14275&#8243; media_width_percent=&#8221;100&#8243; uncode_shortcode_id=&#8221;174959&#8243; media_link=&#8221;url:https%3A%2F%2Fvimeo.com%2F1023239653%3Fshare%3Dcopy%23t%3D0&#8243;][vc_custom_heading text_color=&#8221;color-red-tpm-dti&#8221; heading_semantic=&#8221;h3&#8243; text_size=&#8221;h3&#8243; uncode_shortcode_id=&#8221;103868&#8243; text_color_type=&#8221;uncode-palette&#8221; subheading=&#8221;Seminari Web Internacional (Octubre 2024)&#8221;]<\/p>\n<h3 style=\"text-align: center;\"><a href=\"https:\/\/vimeo.com\/1023879840\">Noves tecnologies en la donaci\u00f3 i trasplantament d&#8217;\u00f2rgans &#8211; IA en dispositius card\u00edacs<\/a><\/h3>\n<p>[\/vc_custom_heading][\/vc_column][\/vc_row][vc_row][vc_column width=&#8221;1\/1&#8243;][uncode_slider slider_interval=&#8221;5000&#8243; slider_navspeed=&#8221;400&#8243; slider_loop=&#8221;yes&#8221;][vc_row_inner][vc_column_inner width=&#8221;1\/3&#8243;][vc_single_image media=&#8221;14130&#8243; media_width_percent=&#8221;100&#8243; alignment=&#8221;center&#8221; uncode_shortcode_id=&#8221;120507&#8243; media_link=&#8221;url:https%3A%2F%2Fvimeo.com%2F1010866213%3Fshare%3Dcopy%23t%3D0|target:_blank&#8221;][vc_custom_heading text_color=&#8221;color-red-tpm-dti&#8221; heading_semantic=&#8221;h3&#8243; text_size=&#8221;h3&#8243; sub_reduced=&#8221;yes&#8221; uncode_shortcode_id=&#8221;178818&#8243; text_color_type=&#8221;uncode-palette&#8221; subheading=&#8221;Seminari web internacional (setembre 2024)&#8221;]<a style=\"color: #b53125;\" href=\"https:\/\/vimeo.com\/1010866213?share=copy#t=0\">Challenges for initiating a deceased donation program: Guyana experience<\/a>[\/vc_custom_heading][\/vc_column_inner][vc_column_inner width=&#8221;1\/3&#8243;][vc_single_image media=&#8221;13661&#8243; media_width_percent=&#8221;100&#8243; alignment=&#8221;center&#8221; uncode_shortcode_id=&#8221;347454&#8243; media_link=&#8221;url:https%3A%2F%2Fvimeo.com%2F946883529%3Fshare%3Dcopy|target:_blank&#8221;][vc_custom_heading text_color=&#8221;color-red-tpm-dti&#8221; heading_semantic=&#8221;h3&#8243; text_size=&#8221;h3&#8243; sub_reduced=&#8221;yes&#8221; uncode_shortcode_id=&#8221;198261&#8243; text_color_type=&#8221;uncode-palette&#8221; subheading=&#8221;Seminari web de recerca (maig 2024)&#8221;]<a style=\"color: #b53125;\" href=\"https:\/\/vimeo.com\/946883529?share=copy\">Ex Vivo Lung Perfusion: Clinical Experiences and Research Challenges<\/a>[\/vc_custom_heading][\/vc_column_inner][vc_column_inner width=&#8221;1\/3&#8243;][vc_single_image media=&#8221;13508&#8243; media_width_percent=&#8221;100&#8243; alignment=&#8221;center&#8221; uncode_shortcode_id=&#8221;121036&#8243; media_link=&#8221;url:https%3A%2F%2Fvimeo.com%2F941246974%3Fshare%3Dcopy|target:_blank&#8221;][vc_custom_heading text_color=&#8221;color-red-tpm-dti&#8221; heading_semantic=&#8221;h3&#8243; text_size=&#8221;h3&#8243; sub_reduced=&#8221;yes&#8221; uncode_shortcode_id=&#8221;624178&#8243; text_color_type=&#8221;uncode-palette&#8221; subheading=&#8221;Seminari web internacional (abril 2024)&#8221;]<a style=\"color: #b53125;\" href=\"https:\/\/vimeo.com\/941246974?share=copy\">Trasplantament d&#8217;\u00f2rgans a pa\u00efsos africans<\/a>[\/vc_custom_heading][\/vc_column_inner][\/vc_row_inner][vc_row_inner][vc_column_inner width=&#8221;1\/3&#8243;][vc_single_image media=&#8221;13315&#8243; media_width_percent=&#8221;100&#8243; alignment=&#8221;center&#8221; uncode_shortcode_id=&#8221;497796&#8243; media_link=&#8221;url:https%3A%2F%2Fvimeo.com%2F925300675%3Fshare%3Dcopy|target:_blank&#8221;][vc_custom_heading text_color=&#8221;color-red-tpm-dti&#8221; heading_semantic=&#8221;h3&#8243; text_size=&#8221;h3&#8243; sub_reduced=&#8221;yes&#8221; uncode_shortcode_id=&#8221;133976&#8243; text_color_type=&#8221;uncode-palette&#8221; subheading=&#8221;Seminari web cl\u00ednic (mar\u00e7 2024)&#8221;]<a style=\"color: #b53125;\" href=\"https:\/\/vimeo.com\/925300675?share=copy\">Situaci\u00f3 actual i perspectiva futura de l&#8217;\u00fas de donants de fetge marginals<\/a>[\/vc_custom_heading][\/vc_column_inner][vc_column_inner width=&#8221;1\/3&#8243;][vc_single_image media=&#8221;12758&#8243; media_width_percent=&#8221;100&#8243; alignment=&#8221;center&#8221; uncode_shortcode_id=&#8221;165256&#8243; media_link=&#8221;url:https%3A%2F%2Fvimeo.com%2F896572328%3Fshare%3Dcopy|target:_blank&#8221;][vc_custom_heading text_color=&#8221;color-red-tpm-dti&#8221; heading_semantic=&#8221;h3&#8243; text_size=&#8221;h3&#8243; sub_reduced=&#8221;yes&#8221; uncode_shortcode_id=&#8221;106257&#8243; text_color_type=&#8221;uncode-palette&#8221; subheading=&#8221;Seminari web social (desembre 2023)&#8221;]<a style=\"color: #b53125;\" href=\"https:\/\/vimeo.com\/896572328?share=copy\">Trasplantament d&#8217;equips multidisciplinaris en un programa basat en pacients<\/a>[\/vc_custom_heading][\/vc_column_inner][vc_column_inner width=&#8221;1\/3&#8243;][vc_single_image media=&#8221;12552&#8243; media_width_percent=&#8221;100&#8243; alignment=&#8221;center&#8221; uncode_shortcode_id=&#8221;103738&#8243; media_link=&#8221;url:https%3A%2F%2Fvimeo.com%2F885111339%3Fshare%3Dcopy|target:_blank&#8221;][vc_custom_heading text_color=&#8221;color-red-tpm-dti&#8221; heading_semantic=&#8221;h3&#8243; text_size=&#8221;h3&#8243; sub_reduced=&#8221;yes&#8221; uncode_shortcode_id=&#8221;113873&#8243; text_color_type=&#8221;uncode-palette&#8221; subheading=&#8221;International webinar (November 2023)&#8221;]<a style=\"color: #b53125;\" href=\"https:\/\/vimeo.com\/885111339?share=copy\">Family approach techniques in different cultural contexts<\/a>[\/vc_custom_heading][\/vc_column_inner][\/vc_row_inner][vc_row_inner][vc_column_inner width=&#8221;1\/3&#8243;][vc_single_image media=&#8221;12106&#8243; media_width_percent=&#8221;100&#8243; alignment=&#8221;center&#8221; uncode_shortcode_id=&#8221;664091&#8243; media_link=&#8221;url:https%3A%2F%2Fvimeo.com%2F871094499%3Fshare%3Dcopy|target:_blank&#8221;][vc_custom_heading text_color=&#8221;color-red-tpm-dti&#8221; heading_semantic=&#8221;h3&#8243; text_size=&#8221;h3&#8243; sub_reduced=&#8221;yes&#8221; uncode_shortcode_id=&#8221;166195&#8243; text_color_type=&#8221;uncode-palette&#8221; subheading=&#8221;Seminari web cl\u00ednic (octubre de 2023)&#8221;]<a style=\"color: #b53125;\" href=\"https:\/\/vimeo.com\/871094499?share=copy\">La donaci\u00f3 d&#8217;\u00f2rgans com a part del final de la vida: es poden superar les barreres?\u00a0<\/a>[\/vc_custom_heading][\/vc_column_inner][vc_column_inner width=&#8221;1\/3&#8243;][vc_single_image media=&#8221;11940&#8243; media_width_percent=&#8221;100&#8243; alignment=&#8221;center&#8221; uncode_shortcode_id=&#8221;377943&#8243; media_link=&#8221;url:https%3A%2F%2Fvimeo.com%2F865997468%3Fshare%3Dcopy|target:_blank&#8221;][vc_custom_heading text_color=&#8221;color-red-tpm-dti&#8221; heading_semantic=&#8221;h3&#8243; text_size=&#8221;h3&#8243; sub_reduced=&#8221;yes&#8221; uncode_shortcode_id=&#8221;154507&#8243; text_color_type=&#8221;uncode-palette&#8221; subheading=&#8221;Seminari web cl\u00ednic (setembre de 2023)&#8221;]<a style=\"color: #b53125;\" href=\"https:\/\/vimeo.com\/865997468?share=copy\">Eutan\u00e0sia i donaci\u00f3 d&#8217;\u00f2rgans: estat actual i reptes de futur<\/a>[\/vc_custom_heading][\/vc_column_inner][vc_column_inner width=&#8221;1\/3&#8243;][vc_single_image media=&#8221;11418&#8243; media_width_percent=&#8221;100&#8243; alignment=&#8221;center&#8221; uncode_shortcode_id=&#8221;117664&#8243; media_link=&#8221;url:https%3A%2F%2Fvimeo.com%2F836812284&#8243;][vc_custom_heading heading_semantic=&#8221;h3&#8243; text_size=&#8221;h3&#8243; sub_reduced=&#8221;yes&#8221; uncode_shortcode_id=&#8221;112815&#8243; subheading=&#8221;Seminari web internacional (Juny 2023)&#8221;]<a style=\"color: #b53125;\" href=\"https:\/\/vimeo.com\/836812284\">Tend\u00e8ncies de pr\u00e0ctica de donaci\u00f3 i trasplantament d&#8217;\u00f2rgans a l&#8217;Ar\u00e0bia Saudita<\/a>[\/vc_custom_heading][\/vc_column_inner][\/vc_row_inner][\/uncode_slider][\/vc_column][\/vc_row]<\/p>\n<\/div>","protected":false},"excerpt":{"rendered":"<p>[vc_row row_height_percent=&#8221;0&#8243; override_padding=&#8221;yes&#8221; h_padding=&#8221;2&#8243; top_padding=&#8221;3&#8243; bottom_padding=&#8221;3&#8243; overlay_alpha=&#8221;50&#8243; gutter_size=&#8221;3&#8243; column_width_percent=&#8221;100&#8243; shift_y=&#8221;0&#8243; z_index=&#8221;0&#8243; desktop_visibility=&#8221;yes&#8221; medium_visibility=&#8221;yes&#8221; mobile_visibility=&#8221;yes&#8221; uncode_shortcode_id=&#8221;159475&#8243;][vc_column width=&#8221;1\/1&#8243;][vc_column_text uncode_shortcode_id=&#8221;120448&#8243;]Des de DTI, preparem [&hellip;]<\/p>\n","protected":false},"author":1,"featured_media":11139,"parent":0,"menu_order":0,"comment_status":"closed","ping_status":"closed","template":"","meta":{"_acf_changed":false,"footnotes":""},"class_list":["post-10094","page","type-page","status-publish","has-post-thumbnail","hentry"],"acf":[],"yoast_head":"<!-- This site is optimized with the Yoast SEO plugin v26.9 - https:\/\/yoast.com\/product\/yoast-seo-wordpress\/ -->\n<title>Webinars cient\u00edfics | DTI Foundation | Donation &amp; Transplantation Institute<\/title>\n<meta name=\"description\" content=\"Descobreix tota la informaci\u00f3 sobre Webinars cient\u00edfics a la nostra web. A DTI oferim suport a projectes internacionals orientats a augmentar la donaci\u00f3 d&#039;\u00f2rgans i els trasplantaments arreu del m\u00f3n.\" \/>\n<meta name=\"robots\" content=\"index, follow, max-snippet:-1, max-image-preview:large, max-video-preview:-1\" \/>\n<link rel=\"canonical\" href=\"https:\/\/dtifoundation.com\/ca\/webinars-cientifics\/\" \/>\n<meta property=\"og:locale\" content=\"ca_ES\" \/>\n<meta property=\"og:type\" content=\"article\" \/>\n<meta property=\"og:title\" content=\"Webinars cient\u00edfics | DTI Foundation | Donation &amp; Transplantation Institute\" \/>\n<meta property=\"og:description\" content=\"Descobreix tota la informaci\u00f3 sobre Webinars cient\u00edfics a la nostra web. A DTI oferim suport a projectes internacionals orientats a augmentar la donaci\u00f3 d&#039;\u00f2rgans i els trasplantaments arreu del m\u00f3n.\" \/>\n<meta property=\"og:url\" content=\"https:\/\/dtifoundation.com\/ca\/webinars-cientifics\/\" \/>\n<meta property=\"og:site_name\" content=\"DTI Foundation | Donation &amp; Transplantation Institute\" \/>\n<meta property=\"article:modified_time\" content=\"2025-02-28T11:59:48+00:00\" \/>\n<meta property=\"og:image\" content=\"https:\/\/dtifoundation.com\/wp-content\/uploads\/2023\/05\/scientific-webinar-scaled.jpeg\" \/>\n\t<meta property=\"og:image:width\" content=\"2560\" \/>\n\t<meta property=\"og:image:height\" content=\"1507\" \/>\n\t<meta property=\"og:image:type\" content=\"image\/jpeg\" \/>\n<meta name=\"twitter:card\" content=\"summary_large_image\" \/>\n<meta name=\"twitter:label1\" content=\"Temps estimat de lectura\" \/>\n\t<meta name=\"twitter:data1\" content=\"6 minuts\" \/>\n<script type=\"application\/ld+json\" class=\"yoast-schema-graph\">{\"@context\":\"https:\/\/schema.org\",\"@graph\":[{\"@type\":[\"WebPage\",\"MedicalWebPage\"],\"@id\":\"https:\/\/dtifoundation.com\/ca\/webinars-cientifics\/\",\"url\":\"https:\/\/dtifoundation.com\/ca\/webinars-cientifics\/\",\"name\":\"Webinars cient\u00edfics | DTI Foundation | Donation &amp; Transplantation Institute\",\"isPartOf\":{\"@id\":\"https:\/\/dtifoundation.com\/#website\"},\"primaryImageOfPage\":{\"@id\":\"https:\/\/dtifoundation.com\/ca\/webinars-cientifics\/#primaryimage\"},\"image\":{\"@id\":\"https:\/\/dtifoundation.com\/ca\/webinars-cientifics\/#primaryimage\"},\"thumbnailUrl\":\"https:\/\/dtifoundation.com\/wp-content\/uploads\/2023\/05\/scientific-webinar-scaled.jpeg\",\"datePublished\":\"2023-05-08T15:00:51+00:00\",\"dateModified\":\"2025-02-28T11:59:48+00:00\",\"description\":\"Descobreix tota la informaci\u00f3 sobre Webinars cient\u00edfics a la nostra web. A DTI oferim suport a projectes internacionals orientats a augmentar la donaci\u00f3 d'\u00f2rgans i els trasplantaments arreu del m\u00f3n.\",\"breadcrumb\":{\"@id\":\"https:\/\/dtifoundation.com\/ca\/webinars-cientifics\/#breadcrumb\"},\"inLanguage\":\"ca\",\"potentialAction\":[{\"@type\":\"ReadAction\",\"target\":[\"https:\/\/dtifoundation.com\/ca\/webinars-cientifics\/\"]}]},{\"@type\":\"ImageObject\",\"inLanguage\":\"ca\",\"@id\":\"https:\/\/dtifoundation.com\/ca\/webinars-cientifics\/#primaryimage\",\"url\":\"https:\/\/dtifoundation.com\/wp-content\/uploads\/2023\/05\/scientific-webinar-scaled.jpeg\",\"contentUrl\":\"https:\/\/dtifoundation.com\/wp-content\/uploads\/2023\/05\/scientific-webinar-scaled.jpeg\",\"width\":2560,\"height\":1507},{\"@type\":\"BreadcrumbList\",\"@id\":\"https:\/\/dtifoundation.com\/ca\/webinars-cientifics\/#breadcrumb\",\"itemListElement\":[{\"@type\":\"ListItem\",\"position\":1,\"name\":\"Home\",\"item\":\"https:\/\/dtifoundation.com\/ca\/\"},{\"@type\":\"ListItem\",\"position\":2,\"name\":\"Webinars cient\u00edfics\"}]},{\"@type\":\"WebSite\",\"@id\":\"https:\/\/dtifoundation.com\/#website\",\"url\":\"https:\/\/dtifoundation.com\/\",\"name\":\"TPM - DTI Foundation\",\"description\":\"\",\"potentialAction\":[{\"@type\":\"SearchAction\",\"target\":{\"@type\":\"EntryPoint\",\"urlTemplate\":\"https:\/\/dtifoundation.com\/?s={search_term_string}\"},\"query-input\":{\"@type\":\"PropertyValueSpecification\",\"valueRequired\":true,\"valueName\":\"search_term_string\"}}],\"inLanguage\":\"ca\"}]}<\/script>\n<!-- \/ Yoast SEO plugin. -->","yoast_head_json":{"title":"Webinars cient\u00edfics | DTI Foundation | Donation &amp; Transplantation Institute","description":"Descobreix tota la informaci\u00f3 sobre Webinars cient\u00edfics a la nostra web. A DTI oferim suport a projectes internacionals orientats a augmentar la donaci\u00f3 d'\u00f2rgans i els trasplantaments arreu del m\u00f3n.","robots":{"index":"index","follow":"follow","max-snippet":"max-snippet:-1","max-image-preview":"max-image-preview:large","max-video-preview":"max-video-preview:-1"},"canonical":"https:\/\/dtifoundation.com\/ca\/webinars-cientifics\/","og_locale":"ca_ES","og_type":"article","og_title":"Webinars cient\u00edfics | DTI Foundation | Donation &amp; Transplantation Institute","og_description":"Descobreix tota la informaci\u00f3 sobre Webinars cient\u00edfics a la nostra web. A DTI oferim suport a projectes internacionals orientats a augmentar la donaci\u00f3 d'\u00f2rgans i els trasplantaments arreu del m\u00f3n.","og_url":"https:\/\/dtifoundation.com\/ca\/webinars-cientifics\/","og_site_name":"DTI Foundation | Donation &amp; Transplantation Institute","article_modified_time":"2025-02-28T11:59:48+00:00","og_image":[{"width":2560,"height":1507,"url":"https:\/\/dtifoundation.com\/wp-content\/uploads\/2023\/05\/scientific-webinar-scaled.jpeg","type":"image\/jpeg"}],"twitter_card":"summary_large_image","twitter_misc":{"Temps estimat de lectura":"6 minuts"},"schema":{"@context":"https:\/\/schema.org","@graph":[{"@type":["WebPage","MedicalWebPage"],"@id":"https:\/\/dtifoundation.com\/ca\/webinars-cientifics\/","url":"https:\/\/dtifoundation.com\/ca\/webinars-cientifics\/","name":"Webinars cient\u00edfics | DTI Foundation | Donation &amp; Transplantation Institute","isPartOf":{"@id":"https:\/\/dtifoundation.com\/#website"},"primaryImageOfPage":{"@id":"https:\/\/dtifoundation.com\/ca\/webinars-cientifics\/#primaryimage"},"image":{"@id":"https:\/\/dtifoundation.com\/ca\/webinars-cientifics\/#primaryimage"},"thumbnailUrl":"https:\/\/dtifoundation.com\/wp-content\/uploads\/2023\/05\/scientific-webinar-scaled.jpeg","datePublished":"2023-05-08T15:00:51+00:00","dateModified":"2025-02-28T11:59:48+00:00","description":"Descobreix tota la informaci\u00f3 sobre Webinars cient\u00edfics a la nostra web. A DTI oferim suport a projectes internacionals orientats a augmentar la donaci\u00f3 d'\u00f2rgans i els trasplantaments arreu del m\u00f3n.","breadcrumb":{"@id":"https:\/\/dtifoundation.com\/ca\/webinars-cientifics\/#breadcrumb"},"inLanguage":"ca","potentialAction":[{"@type":"ReadAction","target":["https:\/\/dtifoundation.com\/ca\/webinars-cientifics\/"]}]},{"@type":"ImageObject","inLanguage":"ca","@id":"https:\/\/dtifoundation.com\/ca\/webinars-cientifics\/#primaryimage","url":"https:\/\/dtifoundation.com\/wp-content\/uploads\/2023\/05\/scientific-webinar-scaled.jpeg","contentUrl":"https:\/\/dtifoundation.com\/wp-content\/uploads\/2023\/05\/scientific-webinar-scaled.jpeg","width":2560,"height":1507},{"@type":"BreadcrumbList","@id":"https:\/\/dtifoundation.com\/ca\/webinars-cientifics\/#breadcrumb","itemListElement":[{"@type":"ListItem","position":1,"name":"Home","item":"https:\/\/dtifoundation.com\/ca\/"},{"@type":"ListItem","position":2,"name":"Webinars cient\u00edfics"}]},{"@type":"WebSite","@id":"https:\/\/dtifoundation.com\/#website","url":"https:\/\/dtifoundation.com\/","name":"TPM - DTI Foundation","description":"","potentialAction":[{"@type":"SearchAction","target":{"@type":"EntryPoint","urlTemplate":"https:\/\/dtifoundation.com\/?s={search_term_string}"},"query-input":{"@type":"PropertyValueSpecification","valueRequired":true,"valueName":"search_term_string"}}],"inLanguage":"ca"}]}},"_links":{"self":[{"href":"https:\/\/dtifoundation.com\/ca\/wp-json\/wp\/v2\/pages\/10094","targetHints":{"allow":["GET"]}}],"collection":[{"href":"https:\/\/dtifoundation.com\/ca\/wp-json\/wp\/v2\/pages"}],"about":[{"href":"https:\/\/dtifoundation.com\/ca\/wp-json\/wp\/v2\/types\/page"}],"author":[{"embeddable":true,"href":"https:\/\/dtifoundation.com\/ca\/wp-json\/wp\/v2\/users\/1"}],"replies":[{"embeddable":true,"href":"https:\/\/dtifoundation.com\/ca\/wp-json\/wp\/v2\/comments?post=10094"}],"version-history":[{"count":7,"href":"https:\/\/dtifoundation.com\/ca\/wp-json\/wp\/v2\/pages\/10094\/revisions"}],"predecessor-version":[{"id":15276,"href":"https:\/\/dtifoundation.com\/ca\/wp-json\/wp\/v2\/pages\/10094\/revisions\/15276"}],"wp:featuredmedia":[{"embeddable":true,"href":"https:\/\/dtifoundation.com\/ca\/wp-json\/wp\/v2\/media\/11139"}],"wp:attachment":[{"href":"https:\/\/dtifoundation.com\/ca\/wp-json\/wp\/v2\/media?parent=10094"}],"curies":[{"name":"wp","href":"https:\/\/api.w.org\/{rel}","templated":true}]}}