{"id":10082,"date":"2023-03-22T15:47:05","date_gmt":"2023-03-22T15:47:05","guid":{"rendered":"http:\/\/dti.developallin.com\/manual-tpm\/"},"modified":"2025-07-14T10:52:40","modified_gmt":"2025-07-14T10:52:40","slug":"manual-tpm","status":"publish","type":"page","link":"https:\/\/dtifoundation.com\/ca\/manual-tpm\/","title":{"rendered":"Manual TPM"},"content":{"rendered":"<div class=\"wpb-content-wrapper\"><p>[vc_row row_height_percent=&#8221;0&#8243; override_padding=&#8221;yes&#8221; h_padding=&#8221;2&#8243; top_padding=&#8221;3&#8243; bottom_padding=&#8221;3&#8243; overlay_alpha=&#8221;50&#8243; gutter_size=&#8221;3&#8243; column_width_percent=&#8221;100&#8243; shift_y=&#8221;0&#8243; z_index=&#8221;0&#8243; uncode_shortcode_id=&#8221;198821&#8243;][vc_column width=&#8221;1\/1&#8243;][vc_row_inner][vc_column_inner width=&#8221;1\/2&#8243;][vc_custom_heading heading_semantic=&#8221;div&#8221; text_size=&#8221;h1&#8243; uncode_shortcode_id=&#8221;214944&#8243;]<strong>MANUAL TPM<\/strong>[\/vc_custom_heading][vc_column_text uncode_shortcode_id=&#8221;116026&#8243;]El Manual de Transplant Procurement Management (Manual TPM) \u00e9s un manual de refer\u00e8ncia complet per a professionals de l&#8217;\u00e0mbit de la donaci\u00f3 i el trasplantament d&#8217;\u00f2rgans per abordar els problemes i reptes amb qu\u00e8 es troba el proc\u00e9s d&#8217;obtenci\u00f3 d&#8217;\u00f2rgans, des de solucions pragm\u00e0tiques fins a les noves tend\u00e8ncies en aquest camp.<\/p>\n<p>Es basa en la metodologia de formaci\u00f3 de Transplant Procurement Management (TPM) que reuneix experts internacionals altament qualificats per garantir l&#8217;intercanvi de les millors pr\u00e0ctiques entre la comunitat global de professionals de la salut. La primera edici\u00f3 del Manual TPM es va imprimir l&#8217;any 2001, amb actualitzacions cont\u00ednues reflectides en successives edicions i versions e-pub que garanteixen la revisi\u00f3 de la informaci\u00f3 de manera constant.<\/p>\n<p>El Manual TPM incorpora les \u00faltimes novetats sobre el proc\u00e9s de donaci\u00f3 i trasplantament. Es centra en els principals aspectes, deures i responsabilitats professionals del Transplant Procurement Manager en donaci\u00f3 en vida i cadav\u00e9rica (des de la detecci\u00f3 de donants, avaluaci\u00f3, diagn\u00f2stic de mort cerebral, gesti\u00f3, avaluaci\u00f3, entrevista familiar, obtenci\u00f3 d&#8217;\u00f2rgans i assignaci\u00f3), banc de teixits. , estructura organitzativa nacional, gesti\u00f3 d&#8217;unitats, \u00e8tica i legislaci\u00f3.<\/p>\n<p>La 4a edici\u00f3 del Manual TPM es va publicar l\u2019any 2020. <strong>Aquest llibre \u00e9s el principal recurs educatiu dels nostres cursos.<\/strong>[\/vc_column_text][\/vc_column_inner][vc_column_inner width=&#8221;1\/2&#8243;][vc_single_image media=&#8221;5683&#8243; media_width_percent=&#8221;100&#8243; uncode_shortcode_id=&#8221;136585&#8243;][\/vc_column_inner][\/vc_row_inner][\/vc_column][\/vc_row][vc_row row_height_percent=&#8221;0&#8243; override_padding=&#8221;yes&#8221; h_padding=&#8221;2&#8243; top_padding=&#8221;3&#8243; bottom_padding=&#8221;3&#8243; back_color=&#8221;color-lxmt&#8221; overlay_alpha=&#8221;50&#8243; gutter_size=&#8221;3&#8243; column_width_percent=&#8221;100&#8243; shift_y=&#8221;0&#8243; z_index=&#8221;0&#8243; uncode_shortcode_id=&#8221;684971&#8243; back_color_type=&#8221;uncode-palette&#8221;][vc_column column_width_percent=&#8221;100&#8243; align_horizontal=&#8221;align_center&#8221; gutter_size=&#8221;3&#8243; overlay_alpha=&#8221;50&#8243; shift_x=&#8221;0&#8243; shift_y=&#8221;0&#8243; shift_y_down=&#8221;0&#8243; z_index=&#8221;0&#8243; medium_width=&#8221;0&#8243; mobile_width=&#8221;0&#8243; width=&#8221;1\/1&#8243; uncode_shortcode_id=&#8221;145010&#8243;][vc_custom_heading heading_semantic=&#8221;div&#8221; text_weight=&#8221;600&#8243; uncode_shortcode_id=&#8221;188126&#8243;]Descarrega una mostra del Manual TPM[\/vc_custom_heading][vc_raw_html]PGlmcmFtZSBmcmFtZWJvcmRlcj0iMCIgc3R5bGU9ImhlaWdodDo4MDBweDt3aWR0aDo5OSU7Ym9yZGVyOm5vbmU7IiBzcmM9J2h0dHBzOi8vZm9ybXMuem9ob3B1YmxpYy5jb20vZHRpZm91bmRhdGlvbi9mb3JtL0RUSUZvdW5kYXRpb25UUE1NYW51YWwvZm9ybXBlcm1hL0ZOUlFDRXh6Q3JwWWxGMENaejZkSngzcDN3UXBKUmdqTW96WnQ4QUVhU00nPjwvaWZyYW1lPg==[\/vc_raw_html][\/vc_column][\/vc_row]<\/p>\n<\/div>","protected":false},"excerpt":{"rendered":"<p>[vc_row row_height_percent=&#8221;0&#8243; override_padding=&#8221;yes&#8221; h_padding=&#8221;2&#8243; top_padding=&#8221;3&#8243; bottom_padding=&#8221;3&#8243; overlay_alpha=&#8221;50&#8243; gutter_size=&#8221;3&#8243; column_width_percent=&#8221;100&#8243; shift_y=&#8221;0&#8243; z_index=&#8221;0&#8243; uncode_shortcode_id=&#8221;198821&#8243;][vc_column width=&#8221;1\/1&#8243;][vc_row_inner][vc_column_inner width=&#8221;1\/2&#8243;][vc_custom_heading heading_semantic=&#8221;div&#8221; text_size=&#8221;h1&#8243; uncode_shortcode_id=&#8221;214944&#8243;]MANUAL TPM[\/vc_custom_heading][vc_column_text uncode_shortcode_id=&#8221;116026&#8243;]El Manual [&hellip;]<\/p>\n","protected":false},"author":1,"featured_media":11136,"parent":0,"menu_order":0,"comment_status":"closed","ping_status":"closed","template":"","meta":{"_acf_changed":false,"footnotes":""},"class_list":["post-10082","page","type-page","status-publish","has-post-thumbnail","hentry"],"acf":[],"yoast_head":"<!-- This site is optimized with the Yoast SEO plugin v26.9 - https:\/\/yoast.com\/product\/yoast-seo-wordpress\/ -->\n<title>Manual TPM | DTI Foundation | Donation &amp; Transplantation Institute<\/title>\n<meta name=\"description\" content=\"Descobreix tota la informaci\u00f3 sobre Manual TPM a la nostra web. A DTI oferim suport a projectes internacionals orientats a augmentar la donaci\u00f3 d&#039;\u00f2rgans i els trasplantaments arreu del m\u00f3n.\" \/>\n<meta name=\"robots\" content=\"index, follow, max-snippet:-1, max-image-preview:large, max-video-preview:-1\" \/>\n<link rel=\"canonical\" href=\"https:\/\/dtifoundation.com\/ca\/manual-tpm\/\" \/>\n<meta property=\"og:locale\" content=\"ca_ES\" \/>\n<meta property=\"og:type\" content=\"article\" \/>\n<meta property=\"og:title\" content=\"Manual TPM | DTI Foundation | Donation &amp; Transplantation Institute\" \/>\n<meta property=\"og:description\" content=\"Descobreix tota la informaci\u00f3 sobre Manual TPM a la nostra web. A DTI oferim suport a projectes internacionals orientats a augmentar la donaci\u00f3 d&#039;\u00f2rgans i els trasplantaments arreu del m\u00f3n.\" \/>\n<meta property=\"og:url\" content=\"https:\/\/dtifoundation.com\/ca\/manual-tpm\/\" \/>\n<meta property=\"og:site_name\" content=\"DTI Foundation | Donation &amp; Transplantation Institute\" \/>\n<meta property=\"article:modified_time\" content=\"2025-07-14T10:52:40+00:00\" \/>\n<meta property=\"og:image\" content=\"https:\/\/dtifoundation.com\/wp-content\/uploads\/2023\/05\/TPM-manual-scaled.jpeg\" \/>\n\t<meta property=\"og:image:width\" content=\"2560\" \/>\n\t<meta property=\"og:image:height\" content=\"1710\" \/>\n\t<meta property=\"og:image:type\" content=\"image\/jpeg\" \/>\n<meta name=\"twitter:card\" content=\"summary_large_image\" \/>\n<meta name=\"twitter:label1\" content=\"Temps estimat de lectura\" \/>\n\t<meta name=\"twitter:data1\" content=\"2 minuts\" \/>\n<script type=\"application\/ld+json\" class=\"yoast-schema-graph\">{\"@context\":\"https:\/\/schema.org\",\"@graph\":[{\"@type\":[\"WebPage\",\"MedicalWebPage\"],\"@id\":\"https:\/\/dtifoundation.com\/ca\/manual-tpm\/\",\"url\":\"https:\/\/dtifoundation.com\/ca\/manual-tpm\/\",\"name\":\"Manual TPM | DTI Foundation | Donation &amp; Transplantation Institute\",\"isPartOf\":{\"@id\":\"https:\/\/dtifoundation.com\/#website\"},\"primaryImageOfPage\":{\"@id\":\"https:\/\/dtifoundation.com\/ca\/manual-tpm\/#primaryimage\"},\"image\":{\"@id\":\"https:\/\/dtifoundation.com\/ca\/manual-tpm\/#primaryimage\"},\"thumbnailUrl\":\"https:\/\/dtifoundation.com\/wp-content\/uploads\/2023\/05\/TPM-manual-scaled.jpeg\",\"datePublished\":\"2023-03-22T15:47:05+00:00\",\"dateModified\":\"2025-07-14T10:52:40+00:00\",\"description\":\"Descobreix tota la informaci\u00f3 sobre Manual TPM a la nostra web. A DTI oferim suport a projectes internacionals orientats a augmentar la donaci\u00f3 d'\u00f2rgans i els trasplantaments arreu del m\u00f3n.\",\"breadcrumb\":{\"@id\":\"https:\/\/dtifoundation.com\/ca\/manual-tpm\/#breadcrumb\"},\"inLanguage\":\"ca\",\"potentialAction\":[{\"@type\":\"ReadAction\",\"target\":[\"https:\/\/dtifoundation.com\/ca\/manual-tpm\/\"]}]},{\"@type\":\"ImageObject\",\"inLanguage\":\"ca\",\"@id\":\"https:\/\/dtifoundation.com\/ca\/manual-tpm\/#primaryimage\",\"url\":\"https:\/\/dtifoundation.com\/wp-content\/uploads\/2023\/05\/TPM-manual-scaled.jpeg\",\"contentUrl\":\"https:\/\/dtifoundation.com\/wp-content\/uploads\/2023\/05\/TPM-manual-scaled.jpeg\",\"width\":2560,\"height\":1710,\"caption\":\"Instructions, Office Binder on Wooden Desk. On the table colored pencils, pen, notebook paper\"},{\"@type\":\"BreadcrumbList\",\"@id\":\"https:\/\/dtifoundation.com\/ca\/manual-tpm\/#breadcrumb\",\"itemListElement\":[{\"@type\":\"ListItem\",\"position\":1,\"name\":\"Home\",\"item\":\"https:\/\/dtifoundation.com\/ca\/\"},{\"@type\":\"ListItem\",\"position\":2,\"name\":\"Manual TPM\"}]},{\"@type\":\"WebSite\",\"@id\":\"https:\/\/dtifoundation.com\/#website\",\"url\":\"https:\/\/dtifoundation.com\/\",\"name\":\"TPM - DTI Foundation\",\"description\":\"\",\"potentialAction\":[{\"@type\":\"SearchAction\",\"target\":{\"@type\":\"EntryPoint\",\"urlTemplate\":\"https:\/\/dtifoundation.com\/?s={search_term_string}\"},\"query-input\":{\"@type\":\"PropertyValueSpecification\",\"valueRequired\":true,\"valueName\":\"search_term_string\"}}],\"inLanguage\":\"ca\"}]}<\/script>\n<!-- \/ Yoast SEO plugin. -->","yoast_head_json":{"title":"Manual TPM | DTI Foundation | Donation &amp; Transplantation Institute","description":"Descobreix tota la informaci\u00f3 sobre Manual TPM a la nostra web. A DTI oferim suport a projectes internacionals orientats a augmentar la donaci\u00f3 d'\u00f2rgans i els trasplantaments arreu del m\u00f3n.","robots":{"index":"index","follow":"follow","max-snippet":"max-snippet:-1","max-image-preview":"max-image-preview:large","max-video-preview":"max-video-preview:-1"},"canonical":"https:\/\/dtifoundation.com\/ca\/manual-tpm\/","og_locale":"ca_ES","og_type":"article","og_title":"Manual TPM | DTI Foundation | Donation &amp; Transplantation Institute","og_description":"Descobreix tota la informaci\u00f3 sobre Manual TPM a la nostra web. A DTI oferim suport a projectes internacionals orientats a augmentar la donaci\u00f3 d'\u00f2rgans i els trasplantaments arreu del m\u00f3n.","og_url":"https:\/\/dtifoundation.com\/ca\/manual-tpm\/","og_site_name":"DTI Foundation | Donation &amp; Transplantation Institute","article_modified_time":"2025-07-14T10:52:40+00:00","og_image":[{"width":2560,"height":1710,"url":"https:\/\/dtifoundation.com\/wp-content\/uploads\/2023\/05\/TPM-manual-scaled.jpeg","type":"image\/jpeg"}],"twitter_card":"summary_large_image","twitter_misc":{"Temps estimat de lectura":"2 minuts"},"schema":{"@context":"https:\/\/schema.org","@graph":[{"@type":["WebPage","MedicalWebPage"],"@id":"https:\/\/dtifoundation.com\/ca\/manual-tpm\/","url":"https:\/\/dtifoundation.com\/ca\/manual-tpm\/","name":"Manual TPM | DTI Foundation | Donation &amp; Transplantation Institute","isPartOf":{"@id":"https:\/\/dtifoundation.com\/#website"},"primaryImageOfPage":{"@id":"https:\/\/dtifoundation.com\/ca\/manual-tpm\/#primaryimage"},"image":{"@id":"https:\/\/dtifoundation.com\/ca\/manual-tpm\/#primaryimage"},"thumbnailUrl":"https:\/\/dtifoundation.com\/wp-content\/uploads\/2023\/05\/TPM-manual-scaled.jpeg","datePublished":"2023-03-22T15:47:05+00:00","dateModified":"2025-07-14T10:52:40+00:00","description":"Descobreix tota la informaci\u00f3 sobre Manual TPM a la nostra web. A DTI oferim suport a projectes internacionals orientats a augmentar la donaci\u00f3 d'\u00f2rgans i els trasplantaments arreu del m\u00f3n.","breadcrumb":{"@id":"https:\/\/dtifoundation.com\/ca\/manual-tpm\/#breadcrumb"},"inLanguage":"ca","potentialAction":[{"@type":"ReadAction","target":["https:\/\/dtifoundation.com\/ca\/manual-tpm\/"]}]},{"@type":"ImageObject","inLanguage":"ca","@id":"https:\/\/dtifoundation.com\/ca\/manual-tpm\/#primaryimage","url":"https:\/\/dtifoundation.com\/wp-content\/uploads\/2023\/05\/TPM-manual-scaled.jpeg","contentUrl":"https:\/\/dtifoundation.com\/wp-content\/uploads\/2023\/05\/TPM-manual-scaled.jpeg","width":2560,"height":1710,"caption":"Instructions, Office Binder on Wooden Desk. On the table colored pencils, pen, notebook paper"},{"@type":"BreadcrumbList","@id":"https:\/\/dtifoundation.com\/ca\/manual-tpm\/#breadcrumb","itemListElement":[{"@type":"ListItem","position":1,"name":"Home","item":"https:\/\/dtifoundation.com\/ca\/"},{"@type":"ListItem","position":2,"name":"Manual TPM"}]},{"@type":"WebSite","@id":"https:\/\/dtifoundation.com\/#website","url":"https:\/\/dtifoundation.com\/","name":"TPM - DTI Foundation","description":"","potentialAction":[{"@type":"SearchAction","target":{"@type":"EntryPoint","urlTemplate":"https:\/\/dtifoundation.com\/?s={search_term_string}"},"query-input":{"@type":"PropertyValueSpecification","valueRequired":true,"valueName":"search_term_string"}}],"inLanguage":"ca"}]}},"_links":{"self":[{"href":"https:\/\/dtifoundation.com\/ca\/wp-json\/wp\/v2\/pages\/10082","targetHints":{"allow":["GET"]}}],"collection":[{"href":"https:\/\/dtifoundation.com\/ca\/wp-json\/wp\/v2\/pages"}],"about":[{"href":"https:\/\/dtifoundation.com\/ca\/wp-json\/wp\/v2\/types\/page"}],"author":[{"embeddable":true,"href":"https:\/\/dtifoundation.com\/ca\/wp-json\/wp\/v2\/users\/1"}],"replies":[{"embeddable":true,"href":"https:\/\/dtifoundation.com\/ca\/wp-json\/wp\/v2\/comments?post=10082"}],"version-history":[{"count":2,"href":"https:\/\/dtifoundation.com\/ca\/wp-json\/wp\/v2\/pages\/10082\/revisions"}],"predecessor-version":[{"id":16439,"href":"https:\/\/dtifoundation.com\/ca\/wp-json\/wp\/v2\/pages\/10082\/revisions\/16439"}],"wp:featuredmedia":[{"embeddable":true,"href":"https:\/\/dtifoundation.com\/ca\/wp-json\/wp\/v2\/media\/11136"}],"wp:attachment":[{"href":"https:\/\/dtifoundation.com\/ca\/wp-json\/wp\/v2\/media?parent=10082"}],"curies":[{"name":"wp","href":"https:\/\/api.w.org\/{rel}","templated":true}]}}