{"id":10071,"date":"2023-05-09T08:01:42","date_gmt":"2023-05-09T08:01:42","guid":{"rendered":"http:\/\/dti.developallin.com\/comunitat-dti\/"},"modified":"2026-04-15T10:25:18","modified_gmt":"2026-04-15T10:25:18","slug":"comunitat-dti","status":"publish","type":"page","link":"https:\/\/dtifoundation.com\/ca\/comunitat-dti\/","title":{"rendered":"Comunitat DTI"},"content":{"rendered":"<div class=\"wpb-content-wrapper\"><p>[vc_row row_height_percent=&#8221;0&#8243; override_padding=&#8221;yes&#8221; h_padding=&#8221;2&#8243; top_padding=&#8221;3&#8243; bottom_padding=&#8221;3&#8243; overlay_alpha=&#8221;50&#8243; gutter_size=&#8221;3&#8243; column_width_percent=&#8221;100&#8243; shift_y=&#8221;0&#8243; z_index=&#8221;0&#8243; uncode_shortcode_id=&#8221;103117&#8243;][vc_column width=&#8221;3\/4&#8243;][vc_column_text uncode_shortcode_id=&#8221;118837&#8243;]<\/p>\n<p style=\"text-align: justify;\"><strong>Benvingut a la comunitat DTI!<\/strong> Aqu\u00ed convidem a tots els pacients, fam\u00edlies, amics i tothom a obtenir m\u00e9s informaci\u00f3 sobre la donaci\u00f3 i el trasplantament d&#8217;\u00f2rgans.<\/p>\n<p style=\"text-align: justify;\">A m\u00e9s de les associacions de pacients que podeu trobar a molts pa\u00efsos, a DTI pretenem crear una comunitat internacional de pacients que vulguin connectar-se i parlar obertament sobre les seves experi\u00e8ncies, pors i \u00e8xits.<\/p>\n<p style=\"text-align: justify;\">Tant per als receptors com per als pacients de la llista d&#8217;espera, la construcci\u00f3 d&#8217;una xarxa s\u00f2lida de suport \u00e9s crucial, ja que el proc\u00e9s de trasplantament \u00e9s sovint un viatge llarg i dif\u00edcil&#8230; on de vegades fins i tot es pot perdre l&#8217;esperan\u00e7a. Per tant, \u00e9s important que els destinataris i els seus \u00e9ssers estimats es connectin amb altres individus d&#8217;arreu del m\u00f3n amb experi\u00e8ncies similars per tal d&#8217;aixecar-se i trobar for\u00e7a entre ells. Volem assegurar-nos que sigui tan f\u00e0cil i agradable com sigui possible per als pacients connectar-se entre ells, per aix\u00f2 la comunitat DTI \u00e9s tan important.<\/p>\n<p style=\"text-align: justify;\">Al costat de les associacions de pacients i els professionals de la salut internacionals, volem ajudar a cada pacient i les seves fam\u00edlies a tenir un espai obert on poder fer les preguntes que necessitin. Aix\u00ed, organitzem xerrades amb pacients cada mes perqu\u00e8 els pacients es reuneixin, intercanviant hist\u00f2ries d&#8217;esperan\u00e7a, consells, preocupacions i triomfs, alhora que constru\u00efm connexions per a tota la vida amb altres persones en la mateixa posici\u00f3.<\/p>\n<p style=\"text-align: justify;\">A les nostres xerrades amb pacients, cada reuni\u00f3 compta amb metges i professionals m\u00e8dics especialitzats en el tema de la reuni\u00f3. Els temes inclouen des de la por al rebuig, les relacions sexuals despr\u00e9s d&#8217;un trasplantament, els esports, la nutrici\u00f3 i molts m\u00e9s.<\/p>\n<p>[\/vc_column_text][vc_column_text uncode_shortcode_id=&#8221;127636&#8243;]Si us perdeu una xerrada pacient, no us preocupeu! Podeu accedir a converses anteriors amb pacients visitant la nostra p\u00e0gina de Vimeo: <strong> <a style=\"color: #b53125;\" href=\"https:\/\/vimeo.com\/dtifoundation\">https:\/\/vimeo.com\/dtifoundation.<\/a><\/strong><br \/>\nPer obtenir m\u00e9s informaci\u00f3 sobre la nostra comunitat, consulteu <a href=\"https:\/\/www.instagram.com\/dticommunity\/\"><strong style=\"color: #b53125;\">@DTICommunity<\/strong><\/a> a Instagram.[\/vc_column_text][\/vc_column][vc_column column_width_percent=&#8221;100&#8243; align_horizontal=&#8221;align_center&#8221; gutter_size=&#8221;3&#8243; overlay_alpha=&#8221;50&#8243; shift_x=&#8221;0&#8243; shift_y=&#8221;0&#8243; shift_y_down=&#8221;0&#8243; z_index=&#8221;0&#8243; medium_width=&#8221;0&#8243; mobile_width=&#8221;0&#8243; width=&#8221;1\/4&#8243; uncode_shortcode_id=&#8221;207184&#8243;][vc_custom_heading text_color=&#8221;color-red-tpm-dti&#8221; heading_semantic=&#8221;div&#8221; text_size=&#8221;h1&#8243; text_weight=&#8221;600&#8243; uncode_shortcode_id=&#8221;739978&#8243; text_color_type=&#8221;uncode-palette&#8221;]ESCOLTEM[\/vc_custom_heading][vc_empty_space empty_h=&#8221;1&#8243;][vc_custom_heading text_color=&#8221;color-red-tpm-dti&#8221; heading_semantic=&#8221;div&#8221; text_size=&#8221;h1&#8243; text_weight=&#8221;600&#8243; uncode_shortcode_id=&#8221;288202&#8243; text_color_type=&#8221;uncode-palette&#8221;]AJUDEM[\/vc_custom_heading][vc_empty_space empty_h=&#8221;1&#8243;][vc_custom_heading text_color=&#8221;color-red-tpm-dti&#8221; heading_semantic=&#8221;div&#8221; text_size=&#8221;h1&#8243; text_weight=&#8221;600&#8243; uncode_shortcode_id=&#8221;366718&#8243; text_color_type=&#8221;uncode-palette&#8221;]<span style=\"text-decoration: underline;\">CREIXEM<\/span>[\/vc_custom_heading][\/vc_column][\/vc_row]<\/p>\n<\/div>","protected":false},"excerpt":{"rendered":"<p>[vc_row row_height_percent=&#8221;0&#8243; override_padding=&#8221;yes&#8221; h_padding=&#8221;2&#8243; top_padding=&#8221;3&#8243; bottom_padding=&#8221;3&#8243; overlay_alpha=&#8221;50&#8243; gutter_size=&#8221;3&#8243; column_width_percent=&#8221;100&#8243; shift_y=&#8221;0&#8243; z_index=&#8221;0&#8243; uncode_shortcode_id=&#8221;103117&#8243;][vc_column width=&#8221;3\/4&#8243;][vc_column_text uncode_shortcode_id=&#8221;118837&#8243;] Benvingut a la comunitat DTI! Aqu\u00ed [&hellip;]<\/p>\n","protected":false},"author":1,"featured_media":11148,"parent":0,"menu_order":0,"comment_status":"closed","ping_status":"closed","template":"","meta":{"_acf_changed":false,"footnotes":""},"class_list":["post-10071","page","type-page","status-publish","has-post-thumbnail","hentry"],"acf":[],"yoast_head":"<!-- This site is optimized with the Yoast SEO plugin v26.9 - https:\/\/yoast.com\/product\/yoast-seo-wordpress\/ -->\n<title>Comunitat DTI | DTI Foundation | Donation &amp; Transplantation Institute<\/title>\n<meta name=\"description\" content=\"Descobreix tota la informaci\u00f3 sobre Comunitat DTI a la nostra web. A DTI oferim suport a projectes internacionals orientats a augmentar la donaci\u00f3 d&#039;\u00f2rgans i els trasplantaments arreu del m\u00f3n.\" \/>\n<meta name=\"robots\" content=\"index, follow, max-snippet:-1, max-image-preview:large, max-video-preview:-1\" \/>\n<link rel=\"canonical\" href=\"https:\/\/dtifoundation.com\/ca\/comunitat-dti\/\" \/>\n<meta property=\"og:locale\" content=\"ca_ES\" \/>\n<meta property=\"og:type\" content=\"article\" \/>\n<meta property=\"og:title\" content=\"Comunitat DTI | DTI Foundation | Donation &amp; Transplantation Institute\" \/>\n<meta property=\"og:description\" content=\"Descobreix tota la informaci\u00f3 sobre Comunitat DTI a la nostra web. A DTI oferim suport a projectes internacionals orientats a augmentar la donaci\u00f3 d&#039;\u00f2rgans i els trasplantaments arreu del m\u00f3n.\" \/>\n<meta property=\"og:url\" content=\"https:\/\/dtifoundation.com\/ca\/comunitat-dti\/\" \/>\n<meta property=\"og:site_name\" content=\"DTI Foundation | Donation &amp; Transplantation Institute\" \/>\n<meta property=\"article:modified_time\" content=\"2026-04-15T10:25:18+00:00\" \/>\n<meta property=\"og:image\" content=\"https:\/\/dtifoundation.com\/wp-content\/uploads\/2023\/05\/DTI-Community-scaled.jpeg\" \/>\n\t<meta property=\"og:image:width\" content=\"2560\" \/>\n\t<meta property=\"og:image:height\" content=\"1707\" \/>\n\t<meta property=\"og:image:type\" content=\"image\/jpeg\" \/>\n<meta name=\"twitter:card\" content=\"summary_large_image\" \/>\n<meta name=\"twitter:label1\" content=\"Temps estimat de lectura\" \/>\n\t<meta name=\"twitter:data1\" content=\"3 minuts\" \/>\n<script type=\"application\/ld+json\" class=\"yoast-schema-graph\">{\"@context\":\"https:\/\/schema.org\",\"@graph\":[{\"@type\":[\"WebPage\",\"MedicalWebPage\"],\"@id\":\"https:\/\/dtifoundation.com\/ca\/comunitat-dti\/\",\"url\":\"https:\/\/dtifoundation.com\/ca\/comunitat-dti\/\",\"name\":\"Comunitat DTI | DTI Foundation | Donation &amp; Transplantation Institute\",\"isPartOf\":{\"@id\":\"https:\/\/dtifoundation.com\/#website\"},\"primaryImageOfPage\":{\"@id\":\"https:\/\/dtifoundation.com\/ca\/comunitat-dti\/#primaryimage\"},\"image\":{\"@id\":\"https:\/\/dtifoundation.com\/ca\/comunitat-dti\/#primaryimage\"},\"thumbnailUrl\":\"https:\/\/dtifoundation.com\/wp-content\/uploads\/2023\/05\/DTI-Community-scaled.jpeg\",\"datePublished\":\"2023-05-09T08:01:42+00:00\",\"dateModified\":\"2026-04-15T10:25:18+00:00\",\"description\":\"Descobreix tota la informaci\u00f3 sobre Comunitat DTI a la nostra web. A DTI oferim suport a projectes internacionals orientats a augmentar la donaci\u00f3 d'\u00f2rgans i els trasplantaments arreu del m\u00f3n.\",\"breadcrumb\":{\"@id\":\"https:\/\/dtifoundation.com\/ca\/comunitat-dti\/#breadcrumb\"},\"inLanguage\":\"ca\",\"potentialAction\":[{\"@type\":\"ReadAction\",\"target\":[\"https:\/\/dtifoundation.com\/ca\/comunitat-dti\/\"]}]},{\"@type\":\"ImageObject\",\"inLanguage\":\"ca\",\"@id\":\"https:\/\/dtifoundation.com\/ca\/comunitat-dti\/#primaryimage\",\"url\":\"https:\/\/dtifoundation.com\/wp-content\/uploads\/2023\/05\/DTI-Community-scaled.jpeg\",\"contentUrl\":\"https:\/\/dtifoundation.com\/wp-content\/uploads\/2023\/05\/DTI-Community-scaled.jpeg\",\"width\":2560,\"height\":1707,\"caption\":\"Group of diverse people stacking hands in the middle\"},{\"@type\":\"BreadcrumbList\",\"@id\":\"https:\/\/dtifoundation.com\/ca\/comunitat-dti\/#breadcrumb\",\"itemListElement\":[{\"@type\":\"ListItem\",\"position\":1,\"name\":\"Home\",\"item\":\"https:\/\/dtifoundation.com\/ca\/\"},{\"@type\":\"ListItem\",\"position\":2,\"name\":\"Comunitat DTI\"}]},{\"@type\":\"WebSite\",\"@id\":\"https:\/\/dtifoundation.com\/#website\",\"url\":\"https:\/\/dtifoundation.com\/\",\"name\":\"TPM - DTI Foundation\",\"description\":\"\",\"potentialAction\":[{\"@type\":\"SearchAction\",\"target\":{\"@type\":\"EntryPoint\",\"urlTemplate\":\"https:\/\/dtifoundation.com\/?s={search_term_string}\"},\"query-input\":{\"@type\":\"PropertyValueSpecification\",\"valueRequired\":true,\"valueName\":\"search_term_string\"}}],\"inLanguage\":\"ca\"}]}<\/script>\n<!-- \/ Yoast SEO plugin. -->","yoast_head_json":{"title":"Comunitat DTI | DTI Foundation | Donation &amp; Transplantation Institute","description":"Descobreix tota la informaci\u00f3 sobre Comunitat DTI a la nostra web. A DTI oferim suport a projectes internacionals orientats a augmentar la donaci\u00f3 d'\u00f2rgans i els trasplantaments arreu del m\u00f3n.","robots":{"index":"index","follow":"follow","max-snippet":"max-snippet:-1","max-image-preview":"max-image-preview:large","max-video-preview":"max-video-preview:-1"},"canonical":"https:\/\/dtifoundation.com\/ca\/comunitat-dti\/","og_locale":"ca_ES","og_type":"article","og_title":"Comunitat DTI | DTI Foundation | Donation &amp; Transplantation Institute","og_description":"Descobreix tota la informaci\u00f3 sobre Comunitat DTI a la nostra web. A DTI oferim suport a projectes internacionals orientats a augmentar la donaci\u00f3 d'\u00f2rgans i els trasplantaments arreu del m\u00f3n.","og_url":"https:\/\/dtifoundation.com\/ca\/comunitat-dti\/","og_site_name":"DTI Foundation | Donation &amp; Transplantation Institute","article_modified_time":"2026-04-15T10:25:18+00:00","og_image":[{"width":2560,"height":1707,"url":"https:\/\/dtifoundation.com\/wp-content\/uploads\/2023\/05\/DTI-Community-scaled.jpeg","type":"image\/jpeg"}],"twitter_card":"summary_large_image","twitter_misc":{"Temps estimat de lectura":"3 minuts"},"schema":{"@context":"https:\/\/schema.org","@graph":[{"@type":["WebPage","MedicalWebPage"],"@id":"https:\/\/dtifoundation.com\/ca\/comunitat-dti\/","url":"https:\/\/dtifoundation.com\/ca\/comunitat-dti\/","name":"Comunitat DTI | DTI Foundation | Donation &amp; Transplantation Institute","isPartOf":{"@id":"https:\/\/dtifoundation.com\/#website"},"primaryImageOfPage":{"@id":"https:\/\/dtifoundation.com\/ca\/comunitat-dti\/#primaryimage"},"image":{"@id":"https:\/\/dtifoundation.com\/ca\/comunitat-dti\/#primaryimage"},"thumbnailUrl":"https:\/\/dtifoundation.com\/wp-content\/uploads\/2023\/05\/DTI-Community-scaled.jpeg","datePublished":"2023-05-09T08:01:42+00:00","dateModified":"2026-04-15T10:25:18+00:00","description":"Descobreix tota la informaci\u00f3 sobre Comunitat DTI a la nostra web. A DTI oferim suport a projectes internacionals orientats a augmentar la donaci\u00f3 d'\u00f2rgans i els trasplantaments arreu del m\u00f3n.","breadcrumb":{"@id":"https:\/\/dtifoundation.com\/ca\/comunitat-dti\/#breadcrumb"},"inLanguage":"ca","potentialAction":[{"@type":"ReadAction","target":["https:\/\/dtifoundation.com\/ca\/comunitat-dti\/"]}]},{"@type":"ImageObject","inLanguage":"ca","@id":"https:\/\/dtifoundation.com\/ca\/comunitat-dti\/#primaryimage","url":"https:\/\/dtifoundation.com\/wp-content\/uploads\/2023\/05\/DTI-Community-scaled.jpeg","contentUrl":"https:\/\/dtifoundation.com\/wp-content\/uploads\/2023\/05\/DTI-Community-scaled.jpeg","width":2560,"height":1707,"caption":"Group of diverse people stacking hands in the middle"},{"@type":"BreadcrumbList","@id":"https:\/\/dtifoundation.com\/ca\/comunitat-dti\/#breadcrumb","itemListElement":[{"@type":"ListItem","position":1,"name":"Home","item":"https:\/\/dtifoundation.com\/ca\/"},{"@type":"ListItem","position":2,"name":"Comunitat DTI"}]},{"@type":"WebSite","@id":"https:\/\/dtifoundation.com\/#website","url":"https:\/\/dtifoundation.com\/","name":"TPM - DTI Foundation","description":"","potentialAction":[{"@type":"SearchAction","target":{"@type":"EntryPoint","urlTemplate":"https:\/\/dtifoundation.com\/?s={search_term_string}"},"query-input":{"@type":"PropertyValueSpecification","valueRequired":true,"valueName":"search_term_string"}}],"inLanguage":"ca"}]}},"_links":{"self":[{"href":"https:\/\/dtifoundation.com\/ca\/wp-json\/wp\/v2\/pages\/10071","targetHints":{"allow":["GET"]}}],"collection":[{"href":"https:\/\/dtifoundation.com\/ca\/wp-json\/wp\/v2\/pages"}],"about":[{"href":"https:\/\/dtifoundation.com\/ca\/wp-json\/wp\/v2\/types\/page"}],"author":[{"embeddable":true,"href":"https:\/\/dtifoundation.com\/ca\/wp-json\/wp\/v2\/users\/1"}],"replies":[{"embeddable":true,"href":"https:\/\/dtifoundation.com\/ca\/wp-json\/wp\/v2\/comments?post=10071"}],"version-history":[{"count":1,"href":"https:\/\/dtifoundation.com\/ca\/wp-json\/wp\/v2\/pages\/10071\/revisions"}],"predecessor-version":[{"id":18237,"href":"https:\/\/dtifoundation.com\/ca\/wp-json\/wp\/v2\/pages\/10071\/revisions\/18237"}],"wp:featuredmedia":[{"embeddable":true,"href":"https:\/\/dtifoundation.com\/ca\/wp-json\/wp\/v2\/media\/11148"}],"wp:attachment":[{"href":"https:\/\/dtifoundation.com\/ca\/wp-json\/wp\/v2\/media?parent=10071"}],"curies":[{"name":"wp","href":"https:\/\/api.w.org\/{rel}","templated":true}]}}